{"id":806,"date":"2025-06-03T20:42:22","date_gmt":"2025-06-03T18:42:22","guid":{"rendered":"https:\/\/seniorenreiten-soesterboerde.de\/?page_id=806"},"modified":"2025-06-03T21:06:44","modified_gmt":"2025-06-03T19:06:44","slug":"showtime-mit-helena","status":"publish","type":"page","link":"https:\/\/seniorenreiten-soesterboerde.de\/?page_id=806","title":{"rendered":"Showtime mit Helena und Nadal"},"content":{"rendered":"<p>Wie schon angek\u00fcndigt, war unsere erste Vorsitzende Helena dieses Jahr aktive Teilnehmerin im Mountain Trailer Team auf der Equitana 2025 mit ihrem Pferd Nadal. Hier konnten die beiden in mehreren Auftritten mit dem Team zeigen, wie man diese zum Teil sehr anspruchsvollen Hindernisse erarbeitet, zun\u00e4chst an der Hand und dann auch geritten. Im n\u00e4chsten Schritt waren dann auch Schwierigkeiten wie Wippen, R\u00fcckw\u00e4rtsrichten oder seitliches \u00dcberqueren der\u00a0 Hindernisse Thema der Vorstellung.<br \/>\nDoch h\u00f6ren wir Helena selbst: &#8220; Ich bin dankbar f\u00fcr die M\u00f6glichkeit, durch und mit Mountain Trailer GbR die Equitana einmal von der anderen Seite kennengelernt zu haben. Die Shows mit meinem Pferd Nadal waren aufregend; sogar im gro\u00dfen Ring durften wir spontan dabei sein- ein gro\u00dfartiges Erlebnis. Ich bin so stolz auf die erfahrenen Eindr\u00fccke mit Nadal, unsere Verbindung ist noch mehr gewachsen. Mal hinter die Kulissen zu schauen war fantastisch, besonders der freundliche Umgang von und mit Profi- Trainern und dem Equitana- Team. Die Pferde wurden gut versorgt und Bewegung war auch jederzeit au\u00dferhalb der Vorf\u00fchrungen m\u00f6glich.&#8220;<br \/>\nHelenas Auftritte wurden nat\u00fcrlich von einigen Vereinsmitgliedern begleitet, die die Equitana besucht haben.<br \/>\nWir freuen uns alle mit Helena, dass ein Mitglied unseres Vereins diese Gelegenheit hatte, aktiv an der Equitana teilzunehmen<\/p>\n<p>.<img loading=\"lazy\" decoding=\"async\" class=\"wp-image-809 aligncenter\" src=\"https:\/\/seniorenreiten-soesterboerde.de\/wp-content\/uploads\/2025\/06\/01_IMG-20250504-WA0260-300x139.jpg\" alt=\"\" width=\"412\" height=\"191\" srcset=\"https:\/\/seniorenreiten-soesterboerde.de\/wp-content\/uploads\/2025\/06\/01_IMG-20250504-WA0260-300x139.jpg 300w, https:\/\/seniorenreiten-soesterboerde.de\/wp-content\/uploads\/2025\/06\/01_IMG-20250504-WA0260-1024x474.jpg 1024w, https:\/\/seniorenreiten-soesterboerde.de\/wp-content\/uploads\/2025\/06\/01_IMG-20250504-WA0260-768x356.jpg 768w, https:\/\/seniorenreiten-soesterboerde.de\/wp-content\/uploads\/2025\/06\/01_IMG-20250504-WA0260-1536x711.jpg 1536w, https:\/\/seniorenreiten-soesterboerde.de\/wp-content\/uploads\/2025\/06\/01_IMG-20250504-WA0260.jpg 1600w\" sizes=\"auto, (max-width: 412px) 100vw, 412px\" \/> <img loading=\"lazy\" decoding=\"async\" class=\"size-medium wp-image-810 alignleft\" src=\"https:\/\/seniorenreiten-soesterboerde.de\/wp-content\/uploads\/2025\/06\/02_IMG-20250504-WA0261-300x226.jpg\" alt=\"\" width=\"300\" height=\"226\" srcset=\"https:\/\/seniorenreiten-soesterboerde.de\/wp-content\/uploads\/2025\/06\/02_IMG-20250504-WA0261-300x226.jpg 300w, https:\/\/seniorenreiten-soesterboerde.de\/wp-content\/uploads\/2025\/06\/02_IMG-20250504-WA0261-1024x771.jpg 1024w, https:\/\/seniorenreiten-soesterboerde.de\/wp-content\/uploads\/2025\/06\/02_IMG-20250504-WA0261-768x578.jpg 768w, https:\/\/seniorenreiten-soesterboerde.de\/wp-content\/uploads\/2025\/06\/02_IMG-20250504-WA0261.jpg 1161w\" sizes=\"auto, (max-width: 300px) 100vw, 300px\" \/> <img loading=\"lazy\" decoding=\"async\" class=\"size-medium wp-image-811 alignright\" src=\"https:\/\/seniorenreiten-soesterboerde.de\/wp-content\/uploads\/2025\/06\/03_IMG-20250504-WA0262-300x235.jpg\" alt=\"\" width=\"300\" height=\"235\" srcset=\"https:\/\/seniorenreiten-soesterboerde.de\/wp-content\/uploads\/2025\/06\/03_IMG-20250504-WA0262-300x235.jpg 300w, https:\/\/seniorenreiten-soesterboerde.de\/wp-content\/uploads\/2025\/06\/03_IMG-20250504-WA0262.jpg 736w\" sizes=\"auto, (max-width: 300px) 100vw, 300px\" \/> <img loading=\"lazy\" decoding=\"async\" class=\" wp-image-812 aligncenter\" src=\"https:\/\/seniorenreiten-soesterboerde.de\/wp-content\/uploads\/2025\/06\/04_IMG-20250504-WA0263-248x300.jpg\" alt=\"\" width=\"410\" height=\"496\" srcset=\"https:\/\/seniorenreiten-soesterboerde.de\/wp-content\/uploads\/2025\/06\/04_IMG-20250504-WA0263-248x300.jpg 248w, https:\/\/seniorenreiten-soesterboerde.de\/wp-content\/uploads\/2025\/06\/04_IMG-20250504-WA0263.jpg 638w\" sizes=\"auto, (max-width: 410px) 100vw, 410px\" \/><\/p>\n","protected":false},"excerpt":{"rendered":"<p>Wie schon angek\u00fcndigt, war unsere erste Vorsitzende Helena dieses Jahr aktive Teilnehmerin im Mountain Trailer Team auf der Equitana 2025 mit ihrem Pferd Nadal. Hier konnten die beiden in mehreren Auftritten mit dem Team zeigen, wie man diese zum Teil <span class=\"excerpt-dots\">&hellip;<\/span> <a class=\"more-link\" href=\"https:\/\/seniorenreiten-soesterboerde.de\/?page_id=806\"><span class=\"more-msg\">Weiterlesen &rarr;<\/span><\/a><\/p>\n","protected":false},"author":1,"featured_media":0,"parent":685,"menu_order":0,"comment_status":"closed","ping_status":"closed","template":"","meta":{"footnotes":""},"class_list":["post-806","page","type-page","status-publish","hentry"],"_links":{"self":[{"href":"https:\/\/seniorenreiten-soesterboerde.de\/index.php?rest_route=\/wp\/v2\/pages\/806","targetHints":{"allow":["GET"]}}],"collection":[{"href":"https:\/\/seniorenreiten-soesterboerde.de\/index.php?rest_route=\/wp\/v2\/pages"}],"about":[{"href":"https:\/\/seniorenreiten-soesterboerde.de\/index.php?rest_route=\/wp\/v2\/types\/page"}],"author":[{"embeddable":true,"href":"https:\/\/seniorenreiten-soesterboerde.de\/index.php?rest_route=\/wp\/v2\/users\/1"}],"replies":[{"embeddable":true,"href":"https:\/\/seniorenreiten-soesterboerde.de\/index.php?rest_route=%2Fwp%2Fv2%2Fcomments&post=806"}],"version-history":[{"count":5,"href":"https:\/\/seniorenreiten-soesterboerde.de\/index.php?rest_route=\/wp\/v2\/pages\/806\/revisions"}],"predecessor-version":[{"id":815,"href":"https:\/\/seniorenreiten-soesterboerde.de\/index.php?rest_route=\/wp\/v2\/pages\/806\/revisions\/815"}],"up":[{"embeddable":true,"href":"https:\/\/seniorenreiten-soesterboerde.de\/index.php?rest_route=\/wp\/v2\/pages\/685"}],"wp:attachment":[{"href":"https:\/\/seniorenreiten-soesterboerde.de\/index.php?rest_route=%2Fwp%2Fv2%2Fmedia&parent=806"}],"curies":[{"name":"wp","href":"https:\/\/api.w.org\/{rel}","templated":true}]}}