{"id":804,"date":"2025-06-03T20:41:30","date_gmt":"2025-06-03T18:41:30","guid":{"rendered":"https:\/\/seniorenreiten-soesterboerde.de\/?page_id=804"},"modified":"2025-06-03T21:17:27","modified_gmt":"2025-06-03T19:17:27","slug":"schluss-mit-dem-winterschlaf-gelassen-ins-fruehjahr","status":"publish","type":"page","link":"https:\/\/seniorenreiten-soesterboerde.de\/?page_id=804","title":{"rendered":"Schluss mit dem Winterschlaf \u2013 gelassen ins Fr\u00fchjahr."},"content":{"rendered":"<p>Die erste Aktion unseres Vereins fand am 30.03.2025 bei unserem Mitglied Kirstin auf ihrer Anlage in Bergkamen- Overberge statt. Sie hatte zu einem Lehrgang Bodenarbeit mit Schwerpunkt Gelassenheitstraining eingeladen. Dieser Kurs stie\u00df auf lebhaftes Interesse und die sechszehn Pl\u00e4tze waren rasch ausgebucht. Auch diesmal kamen die Teilnehmer wieder von nah und fern. Einige waren tats\u00e4chlich schon mehrfach da. Kirstin hatte einen interessanten und spannenden Parcours aus klassischen Elementen des Gelassenheitstrainings, aber auch aus eigenen Ideen zusammengestellt. Die Teilnehmer konnten unter Anleitung und auch frei die verschiedenen Hindernisse erarbeiten. Alle Teilnehmer hatten gro\u00dfen Spa\u00df und konnten viele neue Anregungen mitnehmen. Auch f\u00fcr die Zuschauer war es kurzweilig, wurde der Parcours doch auch vom Hund und den eigenen kleinen Ziegen genutzt. Aber seht selbst auf den folgenden Bildern. Es ist vorgesehen, einen zweiten Lehrgang dieser Art im Laufe des Jahres wieder anzubieten.<\/p>\n<p>&nbsp;<\/p>\n<p><img loading=\"lazy\" decoding=\"async\" class=\"alignnone size-medium wp-image-824\" src=\"https:\/\/seniorenreiten-soesterboerde.de\/wp-content\/uploads\/2025\/06\/IMG_1158-300x225.jpg\" alt=\"\" width=\"300\" height=\"225\" srcset=\"https:\/\/seniorenreiten-soesterboerde.de\/wp-content\/uploads\/2025\/06\/IMG_1158-300x225.jpg 300w, https:\/\/seniorenreiten-soesterboerde.de\/wp-content\/uploads\/2025\/06\/IMG_1158-1024x768.jpg 1024w, https:\/\/seniorenreiten-soesterboerde.de\/wp-content\/uploads\/2025\/06\/IMG_1158-768x576.jpg 768w, https:\/\/seniorenreiten-soesterboerde.de\/wp-content\/uploads\/2025\/06\/IMG_1158-1536x1152.jpg 1536w, https:\/\/seniorenreiten-soesterboerde.de\/wp-content\/uploads\/2025\/06\/IMG_1158-2048x1536.jpg 2048w\" sizes=\"auto, (max-width: 300px) 100vw, 300px\" \/> <img loading=\"lazy\" decoding=\"async\" class=\"alignnone size-medium wp-image-825\" src=\"https:\/\/seniorenreiten-soesterboerde.de\/wp-content\/uploads\/2025\/06\/IMG_1159-300x225.jpg\" alt=\"\" width=\"300\" height=\"225\" srcset=\"https:\/\/seniorenreiten-soesterboerde.de\/wp-content\/uploads\/2025\/06\/IMG_1159-300x225.jpg 300w, https:\/\/seniorenreiten-soesterboerde.de\/wp-content\/uploads\/2025\/06\/IMG_1159-1024x768.jpg 1024w, https:\/\/seniorenreiten-soesterboerde.de\/wp-content\/uploads\/2025\/06\/IMG_1159-768x576.jpg 768w, https:\/\/seniorenreiten-soesterboerde.de\/wp-content\/uploads\/2025\/06\/IMG_1159-1536x1152.jpg 1536w, https:\/\/seniorenreiten-soesterboerde.de\/wp-content\/uploads\/2025\/06\/IMG_1159-2048x1536.jpg 2048w\" sizes=\"auto, (max-width: 300px) 100vw, 300px\" \/> \u00a0<img loading=\"lazy\" decoding=\"async\" class=\"alignnone size-medium wp-image-827\" src=\"https:\/\/seniorenreiten-soesterboerde.de\/wp-content\/uploads\/2025\/06\/14632c8b-3bc3-4ee1-9bcd-022c5382904f-1-225x300.jpg\" alt=\"\" width=\"225\" height=\"300\" srcset=\"https:\/\/seniorenreiten-soesterboerde.de\/wp-content\/uploads\/2025\/06\/14632c8b-3bc3-4ee1-9bcd-022c5382904f-1-225x300.jpg 225w, https:\/\/seniorenreiten-soesterboerde.de\/wp-content\/uploads\/2025\/06\/14632c8b-3bc3-4ee1-9bcd-022c5382904f-1-768x1024.jpg 768w, https:\/\/seniorenreiten-soesterboerde.de\/wp-content\/uploads\/2025\/06\/14632c8b-3bc3-4ee1-9bcd-022c5382904f-1-1152x1536.jpg 1152w, https:\/\/seniorenreiten-soesterboerde.de\/wp-content\/uploads\/2025\/06\/14632c8b-3bc3-4ee1-9bcd-022c5382904f-1.jpg 1536w\" sizes=\"auto, (max-width: 225px) 100vw, 225px\" \/> <img loading=\"lazy\" decoding=\"async\" class=\"alignnone size-medium wp-image-828\" src=\"https:\/\/seniorenreiten-soesterboerde.de\/wp-content\/uploads\/2025\/06\/d09d415e-19e3-4941-8688-68dd412b39ef-1-300x225.jpg\" alt=\"\" width=\"300\" height=\"225\" srcset=\"https:\/\/seniorenreiten-soesterboerde.de\/wp-content\/uploads\/2025\/06\/d09d415e-19e3-4941-8688-68dd412b39ef-1-300x225.jpg 300w, https:\/\/seniorenreiten-soesterboerde.de\/wp-content\/uploads\/2025\/06\/d09d415e-19e3-4941-8688-68dd412b39ef-1-1024x768.jpg 1024w, https:\/\/seniorenreiten-soesterboerde.de\/wp-content\/uploads\/2025\/06\/d09d415e-19e3-4941-8688-68dd412b39ef-1-768x576.jpg 768w, https:\/\/seniorenreiten-soesterboerde.de\/wp-content\/uploads\/2025\/06\/d09d415e-19e3-4941-8688-68dd412b39ef-1-1536x1152.jpg 1536w, https:\/\/seniorenreiten-soesterboerde.de\/wp-content\/uploads\/2025\/06\/d09d415e-19e3-4941-8688-68dd412b39ef-1.jpg 2048w\" sizes=\"auto, (max-width: 300px) 100vw, 300px\" \/> <img loading=\"lazy\" decoding=\"async\" class=\"alignnone size-medium wp-image-829\" src=\"https:\/\/seniorenreiten-soesterboerde.de\/wp-content\/uploads\/2025\/06\/8db23b22-b2a1-4a02-8c4a-2967596d86a0-1-300x225.jpg\" alt=\"\" width=\"300\" height=\"225\" srcset=\"https:\/\/seniorenreiten-soesterboerde.de\/wp-content\/uploads\/2025\/06\/8db23b22-b2a1-4a02-8c4a-2967596d86a0-1-300x225.jpg 300w, https:\/\/seniorenreiten-soesterboerde.de\/wp-content\/uploads\/2025\/06\/8db23b22-b2a1-4a02-8c4a-2967596d86a0-1-1024x768.jpg 1024w, https:\/\/seniorenreiten-soesterboerde.de\/wp-content\/uploads\/2025\/06\/8db23b22-b2a1-4a02-8c4a-2967596d86a0-1-768x576.jpg 768w, https:\/\/seniorenreiten-soesterboerde.de\/wp-content\/uploads\/2025\/06\/8db23b22-b2a1-4a02-8c4a-2967596d86a0-1-1536x1152.jpg 1536w, https:\/\/seniorenreiten-soesterboerde.de\/wp-content\/uploads\/2025\/06\/8db23b22-b2a1-4a02-8c4a-2967596d86a0-1.jpg 1600w\" sizes=\"auto, (max-width: 300px) 100vw, 300px\" \/> <img loading=\"lazy\" decoding=\"async\" class=\"alignnone size-medium wp-image-830\" src=\"https:\/\/seniorenreiten-soesterboerde.de\/wp-content\/uploads\/2025\/06\/fff81764-6b38-42f5-b3cc-81e316645618-1-300x225.jpg\" alt=\"\" width=\"300\" height=\"225\" srcset=\"https:\/\/seniorenreiten-soesterboerde.de\/wp-content\/uploads\/2025\/06\/fff81764-6b38-42f5-b3cc-81e316645618-1-300x225.jpg 300w, https:\/\/seniorenreiten-soesterboerde.de\/wp-content\/uploads\/2025\/06\/fff81764-6b38-42f5-b3cc-81e316645618-1-1024x768.jpg 1024w, https:\/\/seniorenreiten-soesterboerde.de\/wp-content\/uploads\/2025\/06\/fff81764-6b38-42f5-b3cc-81e316645618-1-768x576.jpg 768w, https:\/\/seniorenreiten-soesterboerde.de\/wp-content\/uploads\/2025\/06\/fff81764-6b38-42f5-b3cc-81e316645618-1-1536x1152.jpg 1536w, https:\/\/seniorenreiten-soesterboerde.de\/wp-content\/uploads\/2025\/06\/fff81764-6b38-42f5-b3cc-81e316645618-1.jpg 1600w\" sizes=\"auto, (max-width: 300px) 100vw, 300px\" \/> <img loading=\"lazy\" decoding=\"async\" class=\"alignnone size-medium wp-image-831\" src=\"https:\/\/seniorenreiten-soesterboerde.de\/wp-content\/uploads\/2025\/06\/f10a3a2f-21e1-480f-8ecb-a7c5285c39e6-1-300x225.jpg\" alt=\"\" width=\"300\" height=\"225\" srcset=\"https:\/\/seniorenreiten-soesterboerde.de\/wp-content\/uploads\/2025\/06\/f10a3a2f-21e1-480f-8ecb-a7c5285c39e6-1-300x225.jpg 300w, https:\/\/seniorenreiten-soesterboerde.de\/wp-content\/uploads\/2025\/06\/f10a3a2f-21e1-480f-8ecb-a7c5285c39e6-1-1024x768.jpg 1024w, https:\/\/seniorenreiten-soesterboerde.de\/wp-content\/uploads\/2025\/06\/f10a3a2f-21e1-480f-8ecb-a7c5285c39e6-1-768x576.jpg 768w, https:\/\/seniorenreiten-soesterboerde.de\/wp-content\/uploads\/2025\/06\/f10a3a2f-21e1-480f-8ecb-a7c5285c39e6-1-1536x1152.jpg 1536w, https:\/\/seniorenreiten-soesterboerde.de\/wp-content\/uploads\/2025\/06\/f10a3a2f-21e1-480f-8ecb-a7c5285c39e6-1.jpg 1600w\" sizes=\"auto, (max-width: 300px) 100vw, 300px\" \/> <img loading=\"lazy\" decoding=\"async\" class=\"alignnone size-medium wp-image-832\" src=\"https:\/\/seniorenreiten-soesterboerde.de\/wp-content\/uploads\/2025\/06\/272d48f2-c489-49ba-baa6-30647db244be-1-300x225.jpg\" alt=\"\" width=\"300\" height=\"225\" srcset=\"https:\/\/seniorenreiten-soesterboerde.de\/wp-content\/uploads\/2025\/06\/272d48f2-c489-49ba-baa6-30647db244be-1-300x225.jpg 300w, https:\/\/seniorenreiten-soesterboerde.de\/wp-content\/uploads\/2025\/06\/272d48f2-c489-49ba-baa6-30647db244be-1-1024x768.jpg 1024w, https:\/\/seniorenreiten-soesterboerde.de\/wp-content\/uploads\/2025\/06\/272d48f2-c489-49ba-baa6-30647db244be-1-768x576.jpg 768w, https:\/\/seniorenreiten-soesterboerde.de\/wp-content\/uploads\/2025\/06\/272d48f2-c489-49ba-baa6-30647db244be-1-1536x1152.jpg 1536w, https:\/\/seniorenreiten-soesterboerde.de\/wp-content\/uploads\/2025\/06\/272d48f2-c489-49ba-baa6-30647db244be-1.jpg 1600w\" sizes=\"auto, (max-width: 300px) 100vw, 300px\" \/> <img loading=\"lazy\" decoding=\"async\" class=\"alignnone size-medium wp-image-833\" src=\"https:\/\/seniorenreiten-soesterboerde.de\/wp-content\/uploads\/2025\/06\/cc6eaa6e-edf0-46ba-93f1-169057a6fdeb-1-225x300.jpg\" alt=\"\" width=\"225\" height=\"300\" srcset=\"https:\/\/seniorenreiten-soesterboerde.de\/wp-content\/uploads\/2025\/06\/cc6eaa6e-edf0-46ba-93f1-169057a6fdeb-1-225x300.jpg 225w, https:\/\/seniorenreiten-soesterboerde.de\/wp-content\/uploads\/2025\/06\/cc6eaa6e-edf0-46ba-93f1-169057a6fdeb-1-768x1024.jpg 768w, https:\/\/seniorenreiten-soesterboerde.de\/wp-content\/uploads\/2025\/06\/cc6eaa6e-edf0-46ba-93f1-169057a6fdeb-1-1152x1536.jpg 1152w, https:\/\/seniorenreiten-soesterboerde.de\/wp-content\/uploads\/2025\/06\/cc6eaa6e-edf0-46ba-93f1-169057a6fdeb-1.jpg 1536w\" sizes=\"auto, (max-width: 225px) 100vw, 225px\" \/> <img loading=\"lazy\" decoding=\"async\" class=\"alignnone size-medium wp-image-834\" src=\"https:\/\/seniorenreiten-soesterboerde.de\/wp-content\/uploads\/2025\/06\/67f4528d-2e31-4bc4-832d-fe0e3a409ae9-225x300.jpg\" alt=\"\" width=\"225\" height=\"300\" srcset=\"https:\/\/seniorenreiten-soesterboerde.de\/wp-content\/uploads\/2025\/06\/67f4528d-2e31-4bc4-832d-fe0e3a409ae9-225x300.jpg 225w, https:\/\/seniorenreiten-soesterboerde.de\/wp-content\/uploads\/2025\/06\/67f4528d-2e31-4bc4-832d-fe0e3a409ae9-768x1024.jpg 768w, https:\/\/seniorenreiten-soesterboerde.de\/wp-content\/uploads\/2025\/06\/67f4528d-2e31-4bc4-832d-fe0e3a409ae9-1152x1536.jpg 1152w, https:\/\/seniorenreiten-soesterboerde.de\/wp-content\/uploads\/2025\/06\/67f4528d-2e31-4bc4-832d-fe0e3a409ae9.jpg 1536w\" sizes=\"auto, (max-width: 225px) 100vw, 225px\" \/><\/p>\n","protected":false},"excerpt":{"rendered":"<p>Die erste Aktion unseres Vereins fand am 30.03.2025 bei unserem Mitglied Kirstin auf ihrer Anlage in Bergkamen- Overberge statt. Sie hatte zu einem Lehrgang Bodenarbeit mit Schwerpunkt Gelassenheitstraining eingeladen. Dieser Kurs stie\u00df auf lebhaftes Interesse und die sechszehn Pl\u00e4tze waren <span class=\"excerpt-dots\">&hellip;<\/span> <a class=\"more-link\" href=\"https:\/\/seniorenreiten-soesterboerde.de\/?page_id=804\"><span class=\"more-msg\">Weiterlesen &rarr;<\/span><\/a><\/p>\n","protected":false},"author":1,"featured_media":0,"parent":685,"menu_order":0,"comment_status":"closed","ping_status":"closed","template":"","meta":{"footnotes":""},"class_list":["post-804","page","type-page","status-publish","hentry"],"_links":{"self":[{"href":"https:\/\/seniorenreiten-soesterboerde.de\/index.php?rest_route=\/wp\/v2\/pages\/804","targetHints":{"allow":["GET"]}}],"collection":[{"href":"https:\/\/seniorenreiten-soesterboerde.de\/index.php?rest_route=\/wp\/v2\/pages"}],"about":[{"href":"https:\/\/seniorenreiten-soesterboerde.de\/index.php?rest_route=\/wp\/v2\/types\/page"}],"author":[{"embeddable":true,"href":"https:\/\/seniorenreiten-soesterboerde.de\/index.php?rest_route=\/wp\/v2\/users\/1"}],"replies":[{"embeddable":true,"href":"https:\/\/seniorenreiten-soesterboerde.de\/index.php?rest_route=%2Fwp%2Fv2%2Fcomments&post=804"}],"version-history":[{"count":4,"href":"https:\/\/seniorenreiten-soesterboerde.de\/index.php?rest_route=\/wp\/v2\/pages\/804\/revisions"}],"predecessor-version":[{"id":836,"href":"https:\/\/seniorenreiten-soesterboerde.de\/index.php?rest_route=\/wp\/v2\/pages\/804\/revisions\/836"}],"up":[{"embeddable":true,"href":"https:\/\/seniorenreiten-soesterboerde.de\/index.php?rest_route=\/wp\/v2\/pages\/685"}],"wp:attachment":[{"href":"https:\/\/seniorenreiten-soesterboerde.de\/index.php?rest_route=%2Fwp%2Fv2%2Fmedia&parent=804"}],"curies":[{"name":"wp","href":"https:\/\/api.w.org\/{rel}","templated":true}]}}