{"id":796,"date":"2025-06-03T20:35:06","date_gmt":"2025-06-03T18:35:06","guid":{"rendered":"https:\/\/seniorenreiten-soesterboerde.de\/?page_id=796"},"modified":"2025-06-03T21:33:52","modified_gmt":"2025-06-03T19:33:52","slug":"sonderehrenpreis-reihen-des-senruf-geht-weiter","status":"publish","type":"page","link":"https:\/\/seniorenreiten-soesterboerde.de\/?page_id=796","title":{"rendered":"Sonderehrenpreis- Reihe des SenRuF geht weiter"},"content":{"rendered":"<p>Nachdem unsere Vergabe von Sonderehrenpreise f\u00fcr den \u00e4ltesten menschlichen oder tierischen Teilnehmer oder auch gemeinsam so gut angekommen war, setzen wir diese Aktion auf verschiedenen Turnieren in ausgew\u00e4hlten Pr\u00fcfungen fort.<br \/>\nAls erstes Turnier des Jahres wurde der Gel\u00e4ndetag des RV B\u00fcren gew\u00e4hlt. Hier konnte unsere zweite Vorsitzende Helga den SEP im Gel\u00e4ndereiter- WB wie schon im Vorjahr an die \u00e4lteste TN Petra Sarrazin vergeben, die sich wieder sehr gefreut hat.<\/p>\n<p>&nbsp;<\/p>\n<p><img loading=\"lazy\" decoding=\"async\" class=\"wp-image-837 aligncenter\" src=\"https:\/\/seniorenreiten-soesterboerde.de\/wp-content\/uploads\/2025\/06\/94c34edb-c80a-4608-a06f-e466acdbf2bb-e1748978475929-241x300.jpg\" alt=\"\" width=\"460\" height=\"573\" srcset=\"https:\/\/seniorenreiten-soesterboerde.de\/wp-content\/uploads\/2025\/06\/94c34edb-c80a-4608-a06f-e466acdbf2bb-e1748978475929-241x300.jpg 241w, https:\/\/seniorenreiten-soesterboerde.de\/wp-content\/uploads\/2025\/06\/94c34edb-c80a-4608-a06f-e466acdbf2bb-e1748978475929-823x1024.jpg 823w, https:\/\/seniorenreiten-soesterboerde.de\/wp-content\/uploads\/2025\/06\/94c34edb-c80a-4608-a06f-e466acdbf2bb-e1748978475929-768x955.jpg 768w, https:\/\/seniorenreiten-soesterboerde.de\/wp-content\/uploads\/2025\/06\/94c34edb-c80a-4608-a06f-e466acdbf2bb-e1748978475929.jpg 1013w\" sizes=\"auto, (max-width: 460px) 100vw, 460px\" \/><\/p>\n<p>&nbsp;<\/p>\n<p>Die n\u00e4chste SEP- Vergabe erfolgte dann auf dem WBO- Turnier des RV Oeventrop am 18.05.2025.\u00a0 Diesmal wurde der Preis in einer Working Equitation- Pr\u00fcfung analog Klasse E an die \u00e4lteste Teilnehmerin vergeben. Unsere zweite Vorsitzende Helga \u00fcberreichte den SEP an Elke Fehling- Kr\u00f6ger, die sehr \u00fcberrascht war und sich freute.<\/p>\n<p><img loading=\"lazy\" decoding=\"async\" class=\" wp-image-842\" src=\"https:\/\/seniorenreiten-soesterboerde.de\/wp-content\/uploads\/2025\/06\/IMG_2382-230x300.jpg\" alt=\"\" width=\"450\" height=\"588\" srcset=\"https:\/\/seniorenreiten-soesterboerde.de\/wp-content\/uploads\/2025\/06\/IMG_2382-230x300.jpg 230w, https:\/\/seniorenreiten-soesterboerde.de\/wp-content\/uploads\/2025\/06\/IMG_2382-784x1024.jpg 784w, https:\/\/seniorenreiten-soesterboerde.de\/wp-content\/uploads\/2025\/06\/IMG_2382-768x1003.jpg 768w, https:\/\/seniorenreiten-soesterboerde.de\/wp-content\/uploads\/2025\/06\/IMG_2382.jpg 828w\" sizes=\"auto, (max-width: 450px) 100vw, 450px\" \/><\/p>\n","protected":false},"excerpt":{"rendered":"<p>Nachdem unsere Vergabe von Sonderehrenpreise f\u00fcr den \u00e4ltesten menschlichen oder tierischen Teilnehmer oder auch gemeinsam so gut angekommen war, setzen wir diese Aktion auf verschiedenen Turnieren in ausgew\u00e4hlten Pr\u00fcfungen fort. Als erstes Turnier des Jahres wurde der Gel\u00e4ndetag des RV <span class=\"excerpt-dots\">&hellip;<\/span> <a class=\"more-link\" href=\"https:\/\/seniorenreiten-soesterboerde.de\/?page_id=796\"><span class=\"more-msg\">Weiterlesen &rarr;<\/span><\/a><\/p>\n","protected":false},"author":1,"featured_media":0,"parent":685,"menu_order":0,"comment_status":"closed","ping_status":"closed","template":"","meta":{"footnotes":""},"class_list":["post-796","page","type-page","status-publish","hentry"],"_links":{"self":[{"href":"https:\/\/seniorenreiten-soesterboerde.de\/index.php?rest_route=\/wp\/v2\/pages\/796","targetHints":{"allow":["GET"]}}],"collection":[{"href":"https:\/\/seniorenreiten-soesterboerde.de\/index.php?rest_route=\/wp\/v2\/pages"}],"about":[{"href":"https:\/\/seniorenreiten-soesterboerde.de\/index.php?rest_route=\/wp\/v2\/types\/page"}],"author":[{"embeddable":true,"href":"https:\/\/seniorenreiten-soesterboerde.de\/index.php?rest_route=\/wp\/v2\/users\/1"}],"replies":[{"embeddable":true,"href":"https:\/\/seniorenreiten-soesterboerde.de\/index.php?rest_route=%2Fwp%2Fv2%2Fcomments&post=796"}],"version-history":[{"count":6,"href":"https:\/\/seniorenreiten-soesterboerde.de\/index.php?rest_route=\/wp\/v2\/pages\/796\/revisions"}],"predecessor-version":[{"id":843,"href":"https:\/\/seniorenreiten-soesterboerde.de\/index.php?rest_route=\/wp\/v2\/pages\/796\/revisions\/843"}],"up":[{"embeddable":true,"href":"https:\/\/seniorenreiten-soesterboerde.de\/index.php?rest_route=\/wp\/v2\/pages\/685"}],"wp:attachment":[{"href":"https:\/\/seniorenreiten-soesterboerde.de\/index.php?rest_route=%2Fwp%2Fv2%2Fmedia&parent=796"}],"curies":[{"name":"wp","href":"https:\/\/api.w.org\/{rel}","templated":true}]}}