{"id":775,"date":"2025-03-03T22:22:10","date_gmt":"2025-03-03T20:22:10","guid":{"rendered":"https:\/\/seniorenreiten-soesterboerde.de\/?page_id=775"},"modified":"2025-03-07T22:06:08","modified_gmt":"2025-03-07T20:06:08","slug":"helena-goes-equitana","status":"publish","type":"page","link":"https:\/\/seniorenreiten-soesterboerde.de\/?page_id=775","title":{"rendered":"Helena goes Equitana with Nadal"},"content":{"rendered":"<p>Davon tr\u00e4umen wohl ganz viele Pferdebegeisterte;- einmal live dabei zur gr\u00f6\u00dften Pferdemesse aktiv im Geschehen sein zu d\u00fcrfen. F\u00fcr unsere 1. Vorsitzende Helena Barenbr\u00e4ucker wird das wahr-sie ist Teil des Showteams bei &#8222;Mountain Trailer&#8220; mit ihrem Pferd Nadal. Im &#8220; Team Mountain Trailer&#8220; werden die tollen Trail-Hindernisse vorgestellt und was alles damit m\u00f6glich ist. Wir freuen uns mit ihr dar\u00fcber, dass ein Mitglied der Seniorenreiter an diesen Vorf\u00fchrung teilnehmen kann. Einige Mitglieder werden zur Equitana fahren, um dabei\u00a0zu\u00a0sein.<\/p>\n<p>Hier ein Bild vom Training daf\u00fcr<\/p>\n<p>&nbsp;<\/p>\n<p><img loading=\"lazy\" decoding=\"async\" class=\" wp-image-776 aligncenter\" src=\"https:\/\/seniorenreiten-soesterboerde.de\/wp-content\/uploads\/2025\/03\/helena-equitana-225x300.jpg\" alt=\"\" width=\"311\" height=\"415\" srcset=\"https:\/\/seniorenreiten-soesterboerde.de\/wp-content\/uploads\/2025\/03\/helena-equitana-225x300.jpg 225w, https:\/\/seniorenreiten-soesterboerde.de\/wp-content\/uploads\/2025\/03\/helena-equitana-768x1024.jpg 768w, https:\/\/seniorenreiten-soesterboerde.de\/wp-content\/uploads\/2025\/03\/helena-equitana-1152x1536.jpg 1152w, https:\/\/seniorenreiten-soesterboerde.de\/wp-content\/uploads\/2025\/03\/helena-equitana.jpg 1200w\" sizes=\"auto, (max-width: 311px) 100vw, 311px\" \/><\/p>\n<p>&nbsp;<\/p>\n<p>Zeiten, wann die Vorf\u00fchrung stattfindet<\/p>\n<p><img loading=\"lazy\" decoding=\"async\" class=\" wp-image-778 aligncenter\" src=\"https:\/\/seniorenreiten-soesterboerde.de\/wp-content\/uploads\/2025\/03\/Zeiten-e1741033729306-300x207.png\" alt=\"\" width=\"313\" height=\"216\" srcset=\"https:\/\/seniorenreiten-soesterboerde.de\/wp-content\/uploads\/2025\/03\/Zeiten-e1741033729306-300x207.png 300w, https:\/\/seniorenreiten-soesterboerde.de\/wp-content\/uploads\/2025\/03\/Zeiten-e1741033729306-768x529.png 768w, https:\/\/seniorenreiten-soesterboerde.de\/wp-content\/uploads\/2025\/03\/Zeiten-e1741033729306.png 827w\" sizes=\"auto, (max-width: 313px) 100vw, 313px\" \/><\/p>\n","protected":false},"excerpt":{"rendered":"<p>Davon tr\u00e4umen wohl ganz viele Pferdebegeisterte;- einmal live dabei zur gr\u00f6\u00dften Pferdemesse aktiv im Geschehen sein zu d\u00fcrfen. F\u00fcr unsere 1. Vorsitzende Helena Barenbr\u00e4ucker wird das wahr-sie ist Teil des Showteams bei &#8222;Mountain Trailer&#8220; mit ihrem Pferd Nadal. Im &#8220; <span class=\"excerpt-dots\">&hellip;<\/span> <a class=\"more-link\" href=\"https:\/\/seniorenreiten-soesterboerde.de\/?page_id=775\"><span class=\"more-msg\">Weiterlesen &rarr;<\/span><\/a><\/p>\n","protected":false},"author":1,"featured_media":0,"parent":685,"menu_order":1,"comment_status":"closed","ping_status":"closed","template":"","meta":{"footnotes":""},"class_list":["post-775","page","type-page","status-publish","hentry"],"_links":{"self":[{"href":"https:\/\/seniorenreiten-soesterboerde.de\/index.php?rest_route=\/wp\/v2\/pages\/775","targetHints":{"allow":["GET"]}}],"collection":[{"href":"https:\/\/seniorenreiten-soesterboerde.de\/index.php?rest_route=\/wp\/v2\/pages"}],"about":[{"href":"https:\/\/seniorenreiten-soesterboerde.de\/index.php?rest_route=\/wp\/v2\/types\/page"}],"author":[{"embeddable":true,"href":"https:\/\/seniorenreiten-soesterboerde.de\/index.php?rest_route=\/wp\/v2\/users\/1"}],"replies":[{"embeddable":true,"href":"https:\/\/seniorenreiten-soesterboerde.de\/index.php?rest_route=%2Fwp%2Fv2%2Fcomments&post=775"}],"version-history":[{"count":6,"href":"https:\/\/seniorenreiten-soesterboerde.de\/index.php?rest_route=\/wp\/v2\/pages\/775\/revisions"}],"predecessor-version":[{"id":792,"href":"https:\/\/seniorenreiten-soesterboerde.de\/index.php?rest_route=\/wp\/v2\/pages\/775\/revisions\/792"}],"up":[{"embeddable":true,"href":"https:\/\/seniorenreiten-soesterboerde.de\/index.php?rest_route=\/wp\/v2\/pages\/685"}],"wp:attachment":[{"href":"https:\/\/seniorenreiten-soesterboerde.de\/index.php?rest_route=%2Fwp%2Fv2%2Fmedia&parent=775"}],"curies":[{"name":"wp","href":"https:\/\/api.w.org\/{rel}","templated":true}]}}