{"id":736,"date":"2024-10-26T19:31:59","date_gmt":"2024-10-26T17:31:59","guid":{"rendered":"https:\/\/seniorenreiten-soesterboerde.de\/?page_id=736"},"modified":"2024-11-05T21:21:37","modified_gmt":"2024-11-05T19:21:37","slug":"vielseitigslehrgang","status":"publish","type":"page","link":"https:\/\/seniorenreiten-soesterboerde.de\/?page_id=736","title":{"rendered":"Vielseitigslehrgang"},"content":{"rendered":"<p>Einen Vielseitigslehrgang vom 13.- 15.09.2024 auf ihrer Anlage in Grimminghausen\/ Schmallenberg unter Pferdewirtschaftsmeister Jochen M\u00fcnz hat unser Mitglied Helga Henke auf die Beine gestellt mit der gesamten Organisation drum herum. Zus\u00e4tzlich hat sie ihren sch\u00f6nen Gel\u00e4ndeplatz nochmals ordentlich mit viel Einsatz aufger\u00fcstet und dekoriert.<br \/>\nInsgesamt haben an dem Lehrgang 15 Teilnehmer zwischen 10 und 60 Jahren mit ganz unterschiedlichen Pferden teilgenommen und viele Anregungen erhalten. Es gab etwas zu allen Teildisziplinen.<br \/>\nAm Sonntag konnten die Teilnehmenden an einem \u201etest of choice\u201c teilnehmen, wobei auch Schleifen vergeben wurden. Als \u00e4lteste Teilnehmerin und f\u00fcr die besondere Leistung, den Parcours nur mit Halsring zu bew\u00e4ltigen, erhielt Laura Struwe vom RV Schwartmecke die goldene Schleife und einen Ehrenpreis.<br \/>\nUnser besonderer Dank gilt Helga (und den Helferlein im Hintergrund) f\u00fcr die Planung und Durchf\u00fchrung dieser mehrt\u00e4gigen Veranstaltung im Namen des SenRuF, die sehr erfolgreich war und sehr gelobt wurde.<\/p>\n<p><img loading=\"lazy\" decoding=\"async\" class=\"alignnone size-medium wp-image-744\" src=\"https:\/\/seniorenreiten-soesterboerde.de\/wp-content\/uploads\/2024\/10\/PHOTO-2024-09-16-12-56-44-300x169.jpg\" alt=\"\" width=\"300\" height=\"169\" srcset=\"https:\/\/seniorenreiten-soesterboerde.de\/wp-content\/uploads\/2024\/10\/PHOTO-2024-09-16-12-56-44-300x169.jpg 300w, https:\/\/seniorenreiten-soesterboerde.de\/wp-content\/uploads\/2024\/10\/PHOTO-2024-09-16-12-56-44-1024x576.jpg 1024w, https:\/\/seniorenreiten-soesterboerde.de\/wp-content\/uploads\/2024\/10\/PHOTO-2024-09-16-12-56-44-768x432.jpg 768w, https:\/\/seniorenreiten-soesterboerde.de\/wp-content\/uploads\/2024\/10\/PHOTO-2024-09-16-12-56-44-1536x864.jpg 1536w, https:\/\/seniorenreiten-soesterboerde.de\/wp-content\/uploads\/2024\/10\/PHOTO-2024-09-16-12-56-44.jpg 2000w\" sizes=\"auto, (max-width: 300px) 100vw, 300px\" \/> <img loading=\"lazy\" decoding=\"async\" class=\"alignnone size-medium wp-image-745\" src=\"https:\/\/seniorenreiten-soesterboerde.de\/wp-content\/uploads\/2024\/10\/PHOTO-2024-09-16-12-56-11-300x169.jpg\" alt=\"\" width=\"300\" height=\"169\" srcset=\"https:\/\/seniorenreiten-soesterboerde.de\/wp-content\/uploads\/2024\/10\/PHOTO-2024-09-16-12-56-11-300x169.jpg 300w, https:\/\/seniorenreiten-soesterboerde.de\/wp-content\/uploads\/2024\/10\/PHOTO-2024-09-16-12-56-11-1024x576.jpg 1024w, https:\/\/seniorenreiten-soesterboerde.de\/wp-content\/uploads\/2024\/10\/PHOTO-2024-09-16-12-56-11-768x432.jpg 768w, https:\/\/seniorenreiten-soesterboerde.de\/wp-content\/uploads\/2024\/10\/PHOTO-2024-09-16-12-56-11-1536x864.jpg 1536w, https:\/\/seniorenreiten-soesterboerde.de\/wp-content\/uploads\/2024\/10\/PHOTO-2024-09-16-12-56-11.jpg 2000w\" sizes=\"auto, (max-width: 300px) 100vw, 300px\" \/> <img loading=\"lazy\" decoding=\"async\" class=\"alignnone size-medium wp-image-746\" src=\"https:\/\/seniorenreiten-soesterboerde.de\/wp-content\/uploads\/2024\/10\/PHOTO-2024-09-12-12-00-44-300x199.jpg\" alt=\"\" width=\"300\" height=\"199\" srcset=\"https:\/\/seniorenreiten-soesterboerde.de\/wp-content\/uploads\/2024\/10\/PHOTO-2024-09-12-12-00-44-300x199.jpg 300w, https:\/\/seniorenreiten-soesterboerde.de\/wp-content\/uploads\/2024\/10\/PHOTO-2024-09-12-12-00-44-1024x679.jpg 1024w, https:\/\/seniorenreiten-soesterboerde.de\/wp-content\/uploads\/2024\/10\/PHOTO-2024-09-12-12-00-44-768x509.jpg 768w, https:\/\/seniorenreiten-soesterboerde.de\/wp-content\/uploads\/2024\/10\/PHOTO-2024-09-12-12-00-44-1536x1019.jpg 1536w, https:\/\/seniorenreiten-soesterboerde.de\/wp-content\/uploads\/2024\/10\/PHOTO-2024-09-12-12-00-44.jpg 1600w\" sizes=\"auto, (max-width: 300px) 100vw, 300px\" \/><\/p>\n<p><img loading=\"lazy\" decoding=\"async\" class=\"alignnone wp-image-747 size-medium\" src=\"https:\/\/seniorenreiten-soesterboerde.de\/wp-content\/uploads\/2024\/10\/IMG_7475-e1729965454380-192x300.png\" alt=\"\" width=\"192\" height=\"300\" srcset=\"https:\/\/seniorenreiten-soesterboerde.de\/wp-content\/uploads\/2024\/10\/IMG_7475-e1729965454380-192x300.png 192w, https:\/\/seniorenreiten-soesterboerde.de\/wp-content\/uploads\/2024\/10\/IMG_7475-e1729965454380-656x1024.png 656w, https:\/\/seniorenreiten-soesterboerde.de\/wp-content\/uploads\/2024\/10\/IMG_7475-e1729965454380-768x1198.png 768w, https:\/\/seniorenreiten-soesterboerde.de\/wp-content\/uploads\/2024\/10\/IMG_7475-e1729965454380.png 827w\" sizes=\"auto, (max-width: 192px) 100vw, 192px\" \/> <img loading=\"lazy\" decoding=\"async\" class=\"alignnone wp-image-748 size-medium\" src=\"https:\/\/seniorenreiten-soesterboerde.de\/wp-content\/uploads\/2024\/10\/IMG_7461-e1729965499903-244x300.png\" alt=\"\" width=\"244\" height=\"300\" srcset=\"https:\/\/seniorenreiten-soesterboerde.de\/wp-content\/uploads\/2024\/10\/IMG_7461-e1729965499903-244x300.png 244w, https:\/\/seniorenreiten-soesterboerde.de\/wp-content\/uploads\/2024\/10\/IMG_7461-e1729965499903-768x943.png 768w, https:\/\/seniorenreiten-soesterboerde.de\/wp-content\/uploads\/2024\/10\/IMG_7461-e1729965499903.png 827w\" sizes=\"auto, (max-width: 244px) 100vw, 244px\" \/><\/p>\n","protected":false},"excerpt":{"rendered":"<p>Einen Vielseitigslehrgang vom 13.- 15.09.2024 auf ihrer Anlage in Grimminghausen\/ Schmallenberg unter Pferdewirtschaftsmeister Jochen M\u00fcnz hat unser Mitglied Helga Henke auf die Beine gestellt mit der gesamten Organisation drum herum. Zus\u00e4tzlich hat sie ihren sch\u00f6nen Gel\u00e4ndeplatz nochmals ordentlich mit viel <span class=\"excerpt-dots\">&hellip;<\/span> <a class=\"more-link\" href=\"https:\/\/seniorenreiten-soesterboerde.de\/?page_id=736\"><span class=\"more-msg\">Weiterlesen &rarr;<\/span><\/a><\/p>\n","protected":false},"author":1,"featured_media":0,"parent":685,"menu_order":2,"comment_status":"closed","ping_status":"closed","template":"","meta":{"footnotes":""},"class_list":["post-736","page","type-page","status-publish","hentry"],"_links":{"self":[{"href":"https:\/\/seniorenreiten-soesterboerde.de\/index.php?rest_route=\/wp\/v2\/pages\/736","targetHints":{"allow":["GET"]}}],"collection":[{"href":"https:\/\/seniorenreiten-soesterboerde.de\/index.php?rest_route=\/wp\/v2\/pages"}],"about":[{"href":"https:\/\/seniorenreiten-soesterboerde.de\/index.php?rest_route=\/wp\/v2\/types\/page"}],"author":[{"embeddable":true,"href":"https:\/\/seniorenreiten-soesterboerde.de\/index.php?rest_route=\/wp\/v2\/users\/1"}],"replies":[{"embeddable":true,"href":"https:\/\/seniorenreiten-soesterboerde.de\/index.php?rest_route=%2Fwp%2Fv2%2Fcomments&post=736"}],"version-history":[{"count":6,"href":"https:\/\/seniorenreiten-soesterboerde.de\/index.php?rest_route=\/wp\/v2\/pages\/736\/revisions"}],"predecessor-version":[{"id":757,"href":"https:\/\/seniorenreiten-soesterboerde.de\/index.php?rest_route=\/wp\/v2\/pages\/736\/revisions\/757"}],"up":[{"embeddable":true,"href":"https:\/\/seniorenreiten-soesterboerde.de\/index.php?rest_route=\/wp\/v2\/pages\/685"}],"wp:attachment":[{"href":"https:\/\/seniorenreiten-soesterboerde.de\/index.php?rest_route=%2Fwp%2Fv2%2Fmedia&parent=736"}],"curies":[{"name":"wp","href":"https:\/\/api.w.org\/{rel}","templated":true}]}}