{"id":734,"date":"2024-10-26T19:28:04","date_gmt":"2024-10-26T17:28:04","guid":{"rendered":"https:\/\/seniorenreiten-soesterboerde.de\/?page_id=734"},"modified":"2024-11-05T21:22:07","modified_gmt":"2024-11-05T19:22:07","slug":"preise-preise-preise","status":"publish","type":"page","link":"https:\/\/seniorenreiten-soesterboerde.de\/?page_id=734","title":{"rendered":"Preise, Preise, Preise"},"content":{"rendered":"<p>Auf dem Shetty- Funday in Ennigerloh am 4.8.2024 \u00fcbergab unser Vorstandsmitglied Jessy Blum den Preis an die \u00e4lteste Paarung. Die beiden waren zusammen 77 Jahre alt.<br \/>\nAuf diesem Turnier war Jessy \u00fcbrigens selbst auch erfolgreich.<\/p>\n<p><img loading=\"lazy\" decoding=\"async\" class=\"alignnone size-medium wp-image-738\" src=\"https:\/\/seniorenreiten-soesterboerde.de\/wp-content\/uploads\/2024\/10\/PHOTO-2024-08-04-18-50-43-292x300.jpg\" alt=\"\" width=\"292\" height=\"300\" srcset=\"https:\/\/seniorenreiten-soesterboerde.de\/wp-content\/uploads\/2024\/10\/PHOTO-2024-08-04-18-50-43-292x300.jpg 292w, https:\/\/seniorenreiten-soesterboerde.de\/wp-content\/uploads\/2024\/10\/PHOTO-2024-08-04-18-50-43-998x1024.jpg 998w, https:\/\/seniorenreiten-soesterboerde.de\/wp-content\/uploads\/2024\/10\/PHOTO-2024-08-04-18-50-43-768x788.jpg 768w, https:\/\/seniorenreiten-soesterboerde.de\/wp-content\/uploads\/2024\/10\/PHOTO-2024-08-04-18-50-43-1497x1536.jpg 1497w, https:\/\/seniorenreiten-soesterboerde.de\/wp-content\/uploads\/2024\/10\/PHOTO-2024-08-04-18-50-43.jpg 1996w\" sizes=\"auto, (max-width: 292px) 100vw, 292px\" \/><\/p>\n<p>Als \u00e4lteste Teilnehmerin im Gel\u00e4ndereiterwettbewerb auf dem Turnier in B\u00fcren am 10.08.2024 konnte Petra Sarrazin den Sonderehrenpreis entgegennehmen, der ihr von unserer zweiten Vorsitzenden Helga Henke \u00fcbergeben wurde.<\/p>\n<p><img loading=\"lazy\" decoding=\"async\" class=\"alignnone size-medium wp-image-768\" src=\"https:\/\/seniorenreiten-soesterboerde.de\/wp-content\/uploads\/2024\/11\/PHOTO-2024-08-10-17-36-39-225x300.jpg\" alt=\"\" width=\"225\" height=\"300\" srcset=\"https:\/\/seniorenreiten-soesterboerde.de\/wp-content\/uploads\/2024\/11\/PHOTO-2024-08-10-17-36-39-225x300.jpg 225w, https:\/\/seniorenreiten-soesterboerde.de\/wp-content\/uploads\/2024\/11\/PHOTO-2024-08-10-17-36-39-768x1024.jpg 768w, https:\/\/seniorenreiten-soesterboerde.de\/wp-content\/uploads\/2024\/11\/PHOTO-2024-08-10-17-36-39-1152x1536.jpg 1152w, https:\/\/seniorenreiten-soesterboerde.de\/wp-content\/uploads\/2024\/11\/PHOTO-2024-08-10-17-36-39.jpg 1200w\" sizes=\"auto, (max-width: 225px) 100vw, 225px\" \/><\/p>\n<p>Bereits zum zweiten Mal in dieser Saison konnte Kerstin Scharnhorst vom RV Hellefeld als \u00e4lteste Teilnehmerin im Gel\u00e4ndereiterwettbewerb auf dem Turnier in Wenholthausen am 11.08.2024 den Sonderehrenpreis entgegennehmen. Dieser wurde ihr wieder von Helga Henke, unserer zweiten Vorsitzenden, \u00fcberreicht.<\/p>\n<p><img loading=\"lazy\" decoding=\"async\" class=\"alignnone size-medium wp-image-742\" src=\"https:\/\/seniorenreiten-soesterboerde.de\/wp-content\/uploads\/2024\/10\/PHOTO-2024-08-11-14-58-58-169x300.jpg\" alt=\"\" width=\"169\" height=\"300\" srcset=\"https:\/\/seniorenreiten-soesterboerde.de\/wp-content\/uploads\/2024\/10\/PHOTO-2024-08-11-14-58-58-169x300.jpg 169w, https:\/\/seniorenreiten-soesterboerde.de\/wp-content\/uploads\/2024\/10\/PHOTO-2024-08-11-14-58-58-576x1024.jpg 576w, https:\/\/seniorenreiten-soesterboerde.de\/wp-content\/uploads\/2024\/10\/PHOTO-2024-08-11-14-58-58-768x1365.jpg 768w, https:\/\/seniorenreiten-soesterboerde.de\/wp-content\/uploads\/2024\/10\/PHOTO-2024-08-11-14-58-58-864x1536.jpg 864w, https:\/\/seniorenreiten-soesterboerde.de\/wp-content\/uploads\/2024\/10\/PHOTO-2024-08-11-14-58-58.jpg 900w\" sizes=\"auto, (max-width: 169px) 100vw, 169px\" \/>\u00a0 \u00a0 \u00a0 <img loading=\"lazy\" decoding=\"async\" class=\"alignnone size-medium wp-image-741\" src=\"https:\/\/seniorenreiten-soesterboerde.de\/wp-content\/uploads\/2024\/10\/PHOTO-2024-08-11-15-00-31-300x169.jpg\" alt=\"\" width=\"300\" height=\"169\" srcset=\"https:\/\/seniorenreiten-soesterboerde.de\/wp-content\/uploads\/2024\/10\/PHOTO-2024-08-11-15-00-31-300x169.jpg 300w, https:\/\/seniorenreiten-soesterboerde.de\/wp-content\/uploads\/2024\/10\/PHOTO-2024-08-11-15-00-31-1024x576.jpg 1024w, https:\/\/seniorenreiten-soesterboerde.de\/wp-content\/uploads\/2024\/10\/PHOTO-2024-08-11-15-00-31-768x432.jpg 768w, https:\/\/seniorenreiten-soesterboerde.de\/wp-content\/uploads\/2024\/10\/PHOTO-2024-08-11-15-00-31-1536x864.jpg 1536w, https:\/\/seniorenreiten-soesterboerde.de\/wp-content\/uploads\/2024\/10\/PHOTO-2024-08-11-15-00-31.jpg 1600w\" sizes=\"auto, (max-width: 300px) 100vw, 300px\" \/><\/p>\n<p>Es ist noch ein Preis vergeben worden auf dem WBO Turnier des RV Ost\u00f6nnen am 22.08.2024. Hier holte sich Lotta Siedhoff auf Leybuchts Elina im Dressur Wettbewerb von Punkt zu Punkt den Ehrenpreis des SenRuF.<\/p>\n<p><img loading=\"lazy\" decoding=\"async\" class=\"alignnone size-medium wp-image-753\" src=\"https:\/\/seniorenreiten-soesterboerde.de\/wp-content\/uploads\/2024\/10\/PHOTO-2024-10-07-10-12-51-225x300.jpg\" alt=\"\" width=\"225\" height=\"300\" srcset=\"https:\/\/seniorenreiten-soesterboerde.de\/wp-content\/uploads\/2024\/10\/PHOTO-2024-10-07-10-12-51-225x300.jpg 225w, https:\/\/seniorenreiten-soesterboerde.de\/wp-content\/uploads\/2024\/10\/PHOTO-2024-10-07-10-12-51-768x1024.jpg 768w, https:\/\/seniorenreiten-soesterboerde.de\/wp-content\/uploads\/2024\/10\/PHOTO-2024-10-07-10-12-51-1152x1536.jpg 1152w, https:\/\/seniorenreiten-soesterboerde.de\/wp-content\/uploads\/2024\/10\/PHOTO-2024-10-07-10-12-51.jpg 1200w\" sizes=\"auto, (max-width: 225px) 100vw, 225px\" \/><\/p>\n<p>Wir sagen nochmal herzlichen Gl\u00fcckwunsch an alle Preistr\u00e4ger.<\/p>\n","protected":false},"excerpt":{"rendered":"<p>Auf dem Shetty- Funday in Ennigerloh am 4.8.2024 \u00fcbergab unser Vorstandsmitglied Jessy Blum den Preis an die \u00e4lteste Paarung. Die beiden waren zusammen 77 Jahre alt. Auf diesem Turnier war Jessy \u00fcbrigens selbst auch erfolgreich. Als \u00e4lteste Teilnehmerin im Gel\u00e4ndereiterwettbewerb <span class=\"excerpt-dots\">&hellip;<\/span> <a class=\"more-link\" href=\"https:\/\/seniorenreiten-soesterboerde.de\/?page_id=734\"><span class=\"more-msg\">Weiterlesen &rarr;<\/span><\/a><\/p>\n","protected":false},"author":1,"featured_media":0,"parent":685,"menu_order":3,"comment_status":"closed","ping_status":"closed","template":"","meta":{"footnotes":""},"class_list":["post-734","page","type-page","status-publish","hentry"],"_links":{"self":[{"href":"https:\/\/seniorenreiten-soesterboerde.de\/index.php?rest_route=\/wp\/v2\/pages\/734","targetHints":{"allow":["GET"]}}],"collection":[{"href":"https:\/\/seniorenreiten-soesterboerde.de\/index.php?rest_route=\/wp\/v2\/pages"}],"about":[{"href":"https:\/\/seniorenreiten-soesterboerde.de\/index.php?rest_route=\/wp\/v2\/types\/page"}],"author":[{"embeddable":true,"href":"https:\/\/seniorenreiten-soesterboerde.de\/index.php?rest_route=\/wp\/v2\/users\/1"}],"replies":[{"embeddable":true,"href":"https:\/\/seniorenreiten-soesterboerde.de\/index.php?rest_route=%2Fwp%2Fv2%2Fcomments&post=734"}],"version-history":[{"count":7,"href":"https:\/\/seniorenreiten-soesterboerde.de\/index.php?rest_route=\/wp\/v2\/pages\/734\/revisions"}],"predecessor-version":[{"id":769,"href":"https:\/\/seniorenreiten-soesterboerde.de\/index.php?rest_route=\/wp\/v2\/pages\/734\/revisions\/769"}],"up":[{"embeddable":true,"href":"https:\/\/seniorenreiten-soesterboerde.de\/index.php?rest_route=\/wp\/v2\/pages\/685"}],"wp:attachment":[{"href":"https:\/\/seniorenreiten-soesterboerde.de\/index.php?rest_route=%2Fwp%2Fv2%2Fmedia&parent=734"}],"curies":[{"name":"wp","href":"https:\/\/api.w.org\/{rel}","templated":true}]}}