{"id":732,"date":"2024-10-26T19:22:53","date_gmt":"2024-10-26T17:22:53","guid":{"rendered":"https:\/\/seniorenreiten-soesterboerde.de\/?page_id=732"},"modified":"2024-11-05T21:27:56","modified_gmt":"2024-11-05T19:27:56","slug":"workshop-bodenarbeit","status":"publish","type":"page","link":"https:\/\/seniorenreiten-soesterboerde.de\/?page_id=732","title":{"rendered":"Workshop Bodenarbeit"},"content":{"rendered":"<p style=\"font-weight: 400;\">Nur zwei Wochen sp\u00e4ter am 29.09.2024 hatte unser Mitglied Kirstin von Jentzkowski-Fischer auf ihre Anlage in Bergkamen- Overberge zum Workshop Bodenarbeit eingeladen. Auch dieses Angebot war auf gro\u00dfes Interesse gesto\u00dfen mit Teilnehmern, die bis aus dem Sauerland und mittleren Ruhrgebiet gekommen sind. Vorweg gab es f\u00fcr alle gemeldeten TN eine digitale Einf\u00fchrung zum Workshop. Letztlich konnten zehn der zw\u00f6lf angemeldeten Teilnehmer auch mit ganz unterschiedlichen Pferden vor Ort sein. \u00a0Diese haben von Kirstin (Trainer B Reiten mit Erg\u00e4nzungsqualifikation Bodenarbeit) angeleitet bei wirklich wieder guten Boden- und Wetterverh\u00e4ltnissen an einem abwechslungsreichen Parcours den Einstieg in die Bodenarbeit gemacht, Neues ge\u00fcbt oder Kenntnisse vertieft. Es gab Elemente aus der Gelassenheit und Geschicklichkeit sowie dem F\u00fchrtraining, die immer wieder an die TN angepasst wurden. So konnte jeder viele Erkenntnisse und Anregungen f\u00fcr die weitere Arbeit mit nach Hause nehmen. Wichtig war es Kirstin, dass die Teilnehmer lernten, mit den \u201eAugen des Pferdes\u201c zu sehen und Pferdeverhalten zu verstehen als Basis f\u00fcr eine vertrauensvolle Zusammenarbeit.<\/p>\n<p style=\"font-weight: 400;\">Die Resonanz aus dem Workshop war sehr positiv, auch von den vielen Zuschauern, die einen interessanten Tag erlebten. Mit Kaffee und Kuchen war auch f\u00fcr das leibliche Wohl gesorgt.<\/p>\n<p style=\"font-weight: 400;\">F\u00fcr 2025 sind weitere Angebote , u.a. Bodenarbeit geplant.<\/p>\n<p><img loading=\"lazy\" decoding=\"async\" class=\"alignnone size-medium wp-image-761\" src=\"https:\/\/seniorenreiten-soesterboerde.de\/wp-content\/uploads\/2024\/10\/f8a1905c-2196-44bc-9a54-c6fa673df6b6-300x225.jpg\" alt=\"\" width=\"300\" height=\"225\" srcset=\"https:\/\/seniorenreiten-soesterboerde.de\/wp-content\/uploads\/2024\/10\/f8a1905c-2196-44bc-9a54-c6fa673df6b6-300x225.jpg 300w, https:\/\/seniorenreiten-soesterboerde.de\/wp-content\/uploads\/2024\/10\/f8a1905c-2196-44bc-9a54-c6fa673df6b6-1024x768.jpg 1024w, https:\/\/seniorenreiten-soesterboerde.de\/wp-content\/uploads\/2024\/10\/f8a1905c-2196-44bc-9a54-c6fa673df6b6-768x576.jpg 768w, https:\/\/seniorenreiten-soesterboerde.de\/wp-content\/uploads\/2024\/10\/f8a1905c-2196-44bc-9a54-c6fa673df6b6-1536x1152.jpg 1536w, https:\/\/seniorenreiten-soesterboerde.de\/wp-content\/uploads\/2024\/10\/f8a1905c-2196-44bc-9a54-c6fa673df6b6.jpg 1600w\" sizes=\"auto, (max-width: 300px) 100vw, 300px\" \/> <img loading=\"lazy\" decoding=\"async\" class=\"alignnone size-medium wp-image-762\" src=\"https:\/\/seniorenreiten-soesterboerde.de\/wp-content\/uploads\/2024\/10\/IMG_7870-300x225.jpg\" alt=\"\" width=\"300\" height=\"225\" srcset=\"https:\/\/seniorenreiten-soesterboerde.de\/wp-content\/uploads\/2024\/10\/IMG_7870-300x225.jpg 300w, https:\/\/seniorenreiten-soesterboerde.de\/wp-content\/uploads\/2024\/10\/IMG_7870-1024x768.jpg 1024w, https:\/\/seniorenreiten-soesterboerde.de\/wp-content\/uploads\/2024\/10\/IMG_7870-768x576.jpg 768w, https:\/\/seniorenreiten-soesterboerde.de\/wp-content\/uploads\/2024\/10\/IMG_7870-1536x1152.jpg 1536w, https:\/\/seniorenreiten-soesterboerde.de\/wp-content\/uploads\/2024\/10\/IMG_7870-2048x1536.jpg 2048w\" sizes=\"auto, (max-width: 300px) 100vw, 300px\" \/> <img loading=\"lazy\" decoding=\"async\" class=\"alignnone size-medium wp-image-760\" src=\"https:\/\/seniorenreiten-soesterboerde.de\/wp-content\/uploads\/2024\/10\/4ec8936d-8af4-4b8a-bd87-ca9dc18186fa-300x225.jpg\" alt=\"\" width=\"300\" height=\"225\" srcset=\"https:\/\/seniorenreiten-soesterboerde.de\/wp-content\/uploads\/2024\/10\/4ec8936d-8af4-4b8a-bd87-ca9dc18186fa-300x225.jpg 300w, https:\/\/seniorenreiten-soesterboerde.de\/wp-content\/uploads\/2024\/10\/4ec8936d-8af4-4b8a-bd87-ca9dc18186fa-1024x768.jpg 1024w, https:\/\/seniorenreiten-soesterboerde.de\/wp-content\/uploads\/2024\/10\/4ec8936d-8af4-4b8a-bd87-ca9dc18186fa-768x576.jpg 768w, https:\/\/seniorenreiten-soesterboerde.de\/wp-content\/uploads\/2024\/10\/4ec8936d-8af4-4b8a-bd87-ca9dc18186fa-1536x1152.jpg 1536w, https:\/\/seniorenreiten-soesterboerde.de\/wp-content\/uploads\/2024\/10\/4ec8936d-8af4-4b8a-bd87-ca9dc18186fa.jpg 1600w\" sizes=\"auto, (max-width: 300px) 100vw, 300px\" \/><img loading=\"lazy\" decoding=\"async\" class=\"size-medium wp-image-759 aligncenter\" src=\"https:\/\/seniorenreiten-soesterboerde.de\/wp-content\/uploads\/2024\/10\/2c4d9045-7ef6-413c-b86d-6bc27ccebe1a-300x225.jpg\" alt=\"\" width=\"300\" height=\"225\" srcset=\"https:\/\/seniorenreiten-soesterboerde.de\/wp-content\/uploads\/2024\/10\/2c4d9045-7ef6-413c-b86d-6bc27ccebe1a-300x225.jpg 300w, https:\/\/seniorenreiten-soesterboerde.de\/wp-content\/uploads\/2024\/10\/2c4d9045-7ef6-413c-b86d-6bc27ccebe1a-1024x768.jpg 1024w, https:\/\/seniorenreiten-soesterboerde.de\/wp-content\/uploads\/2024\/10\/2c4d9045-7ef6-413c-b86d-6bc27ccebe1a-768x576.jpg 768w, https:\/\/seniorenreiten-soesterboerde.de\/wp-content\/uploads\/2024\/10\/2c4d9045-7ef6-413c-b86d-6bc27ccebe1a-1536x1152.jpg 1536w, https:\/\/seniorenreiten-soesterboerde.de\/wp-content\/uploads\/2024\/10\/2c4d9045-7ef6-413c-b86d-6bc27ccebe1a.jpg 2048w\" sizes=\"auto, (max-width: 300px) 100vw, 300px\" \/><\/p>\n","protected":false},"excerpt":{"rendered":"<p>Nur zwei Wochen sp\u00e4ter am 29.09.2024 hatte unser Mitglied Kirstin von Jentzkowski-Fischer auf ihre Anlage in Bergkamen- Overberge zum Workshop Bodenarbeit eingeladen. Auch dieses Angebot war auf gro\u00dfes Interesse gesto\u00dfen mit Teilnehmern, die bis aus dem Sauerland und mittleren Ruhrgebiet <span class=\"excerpt-dots\">&hellip;<\/span> <a class=\"more-link\" href=\"https:\/\/seniorenreiten-soesterboerde.de\/?page_id=732\"><span class=\"more-msg\">Weiterlesen &rarr;<\/span><\/a><\/p>\n","protected":false},"author":1,"featured_media":0,"parent":685,"menu_order":1,"comment_status":"closed","ping_status":"closed","template":"","meta":{"footnotes":""},"class_list":["post-732","page","type-page","status-publish","hentry"],"_links":{"self":[{"href":"https:\/\/seniorenreiten-soesterboerde.de\/index.php?rest_route=\/wp\/v2\/pages\/732","targetHints":{"allow":["GET"]}}],"collection":[{"href":"https:\/\/seniorenreiten-soesterboerde.de\/index.php?rest_route=\/wp\/v2\/pages"}],"about":[{"href":"https:\/\/seniorenreiten-soesterboerde.de\/index.php?rest_route=\/wp\/v2\/types\/page"}],"author":[{"embeddable":true,"href":"https:\/\/seniorenreiten-soesterboerde.de\/index.php?rest_route=\/wp\/v2\/users\/1"}],"replies":[{"embeddable":true,"href":"https:\/\/seniorenreiten-soesterboerde.de\/index.php?rest_route=%2Fwp%2Fv2%2Fcomments&post=732"}],"version-history":[{"count":7,"href":"https:\/\/seniorenreiten-soesterboerde.de\/index.php?rest_route=\/wp\/v2\/pages\/732\/revisions"}],"predecessor-version":[{"id":772,"href":"https:\/\/seniorenreiten-soesterboerde.de\/index.php?rest_route=\/wp\/v2\/pages\/732\/revisions\/772"}],"up":[{"embeddable":true,"href":"https:\/\/seniorenreiten-soesterboerde.de\/index.php?rest_route=\/wp\/v2\/pages\/685"}],"wp:attachment":[{"href":"https:\/\/seniorenreiten-soesterboerde.de\/index.php?rest_route=%2Fwp%2Fv2%2Fmedia&parent=732"}],"curies":[{"name":"wp","href":"https:\/\/api.w.org\/{rel}","templated":true}]}}