{"id":723,"date":"2024-07-18T19:44:34","date_gmt":"2024-07-18T17:44:34","guid":{"rendered":"https:\/\/seniorenreiten-soesterboerde.de\/?page_id=723"},"modified":"2024-10-26T19:23:31","modified_gmt":"2024-10-26T17:23:31","slug":"weitere-preisvergaben-beim-turnier-der-rg-eichengrund","status":"publish","type":"page","link":"https:\/\/seniorenreiten-soesterboerde.de\/?page_id=723","title":{"rendered":"Weitere Preisvergaben beim Turnier der RG Eichengrund"},"content":{"rendered":"<p>Beim Pfingstturnier Horse &amp; Fun der RG Eichengrund Welver konnte unser Verein mit einigen Mitgliedern unterst\u00fctzen.<\/p>\n<p>Auch hier wurden wieder Sonderehrenpreise vergeben &#8211; diesmal an die beiden \u00e4ltesten Pferde in den Pr\u00fcfungen. So ging ein Preis an Alabama, 24- j\u00e4hrige Stute mit der Starterin Lara Str\u00e4ter. Sie startete im Dressur-WB Junioren. Der andere Preis ging an die ebenfalls 24- j\u00e4hrige Hanna mit ihrer Reiterin Jana Isabell Boverkamp, die auch im Dressur- WB Junioren, aber noch in anderen Pr\u00fcfungen, vorgestellt wurde. Wir gratulieren den beiden Paaren.<\/p>\n<p><img loading=\"lazy\" decoding=\"async\" class=\"alignnone size-medium wp-image-719\" src=\"https:\/\/seniorenreiten-soesterboerde.de\/wp-content\/uploads\/2024\/07\/Stuet-Hanna24-Jahre-mit-Jana-Isabel-Bovermann-300x225.jpg\" alt=\"\" width=\"300\" height=\"225\" srcset=\"https:\/\/seniorenreiten-soesterboerde.de\/wp-content\/uploads\/2024\/07\/Stuet-Hanna24-Jahre-mit-Jana-Isabel-Bovermann-300x225.jpg 300w, https:\/\/seniorenreiten-soesterboerde.de\/wp-content\/uploads\/2024\/07\/Stuet-Hanna24-Jahre-mit-Jana-Isabel-Bovermann-1024x768.jpg 1024w, https:\/\/seniorenreiten-soesterboerde.de\/wp-content\/uploads\/2024\/07\/Stuet-Hanna24-Jahre-mit-Jana-Isabel-Bovermann-768x576.jpg 768w, https:\/\/seniorenreiten-soesterboerde.de\/wp-content\/uploads\/2024\/07\/Stuet-Hanna24-Jahre-mit-Jana-Isabel-Bovermann-1536x1152.jpg 1536w, https:\/\/seniorenreiten-soesterboerde.de\/wp-content\/uploads\/2024\/07\/Stuet-Hanna24-Jahre-mit-Jana-Isabel-Bovermann.jpg 2040w\" sizes=\"auto, (max-width: 300px) 100vw, 300px\" \/><\/p>\n<p>Hanna mit Jana Isabel<\/p>\n<p><img loading=\"lazy\" decoding=\"async\" class=\"alignnone size-medium wp-image-720\" src=\"https:\/\/seniorenreiten-soesterboerde.de\/wp-content\/uploads\/2024\/07\/fittke-lara-225x300.jpg\" alt=\"\" width=\"225\" height=\"300\" srcset=\"https:\/\/seniorenreiten-soesterboerde.de\/wp-content\/uploads\/2024\/07\/fittke-lara-225x300.jpg 225w, https:\/\/seniorenreiten-soesterboerde.de\/wp-content\/uploads\/2024\/07\/fittke-lara-768x1024.jpg 768w, https:\/\/seniorenreiten-soesterboerde.de\/wp-content\/uploads\/2024\/07\/fittke-lara-1152x1536.jpg 1152w, https:\/\/seniorenreiten-soesterboerde.de\/wp-content\/uploads\/2024\/07\/fittke-lara.jpg 1200w\" sizes=\"auto, (max-width: 225px) 100vw, 225px\" \/><\/p>\n<p>Lara Str\u00e4ter mit Alabama<\/p>\n<div class=\"default-style\"><\/div>\n<div class=\"default-style\"><\/div>\n<p>&nbsp;<\/p>\n","protected":false},"excerpt":{"rendered":"<p>Beim Pfingstturnier Horse &amp; Fun der RG Eichengrund Welver konnte unser Verein mit einigen Mitgliedern unterst\u00fctzen. Auch hier wurden wieder Sonderehrenpreise vergeben &#8211; diesmal an die beiden \u00e4ltesten Pferde in den Pr\u00fcfungen. So ging ein Preis an Alabama, 24- j\u00e4hrige <span class=\"excerpt-dots\">&hellip;<\/span> <a class=\"more-link\" href=\"https:\/\/seniorenreiten-soesterboerde.de\/?page_id=723\"><span class=\"more-msg\">Weiterlesen &rarr;<\/span><\/a><\/p>\n","protected":false},"author":1,"featured_media":0,"parent":685,"menu_order":3,"comment_status":"closed","ping_status":"closed","template":"","meta":{"footnotes":""},"class_list":["post-723","page","type-page","status-publish","hentry"],"_links":{"self":[{"href":"https:\/\/seniorenreiten-soesterboerde.de\/index.php?rest_route=\/wp\/v2\/pages\/723","targetHints":{"allow":["GET"]}}],"collection":[{"href":"https:\/\/seniorenreiten-soesterboerde.de\/index.php?rest_route=\/wp\/v2\/pages"}],"about":[{"href":"https:\/\/seniorenreiten-soesterboerde.de\/index.php?rest_route=\/wp\/v2\/types\/page"}],"author":[{"embeddable":true,"href":"https:\/\/seniorenreiten-soesterboerde.de\/index.php?rest_route=\/wp\/v2\/users\/1"}],"replies":[{"embeddable":true,"href":"https:\/\/seniorenreiten-soesterboerde.de\/index.php?rest_route=%2Fwp%2Fv2%2Fcomments&post=723"}],"version-history":[{"count":2,"href":"https:\/\/seniorenreiten-soesterboerde.de\/index.php?rest_route=\/wp\/v2\/pages\/723\/revisions"}],"predecessor-version":[{"id":725,"href":"https:\/\/seniorenreiten-soesterboerde.de\/index.php?rest_route=\/wp\/v2\/pages\/723\/revisions\/725"}],"up":[{"embeddable":true,"href":"https:\/\/seniorenreiten-soesterboerde.de\/index.php?rest_route=\/wp\/v2\/pages\/685"}],"wp:attachment":[{"href":"https:\/\/seniorenreiten-soesterboerde.de\/index.php?rest_route=%2Fwp%2Fv2%2Fmedia&parent=723"}],"curies":[{"name":"wp","href":"https:\/\/api.w.org\/{rel}","templated":true}]}}