{"id":696,"date":"2024-05-03T17:31:36","date_gmt":"2024-05-03T15:31:36","guid":{"rendered":"https:\/\/seniorenreiten-soesterboerde.de\/?page_id=696"},"modified":"2024-10-26T19:24:04","modified_gmt":"2024-10-26T17:24:04","slug":"bericht-von-der-mgv-am-10-03-2024","status":"publish","type":"page","link":"https:\/\/seniorenreiten-soesterboerde.de\/?page_id=696","title":{"rendered":"Bericht von der MGV am 10.03.2024"},"content":{"rendered":"<p style=\"font-weight: 400;\">Unsere diesj\u00e4hrige MGV fand wieder in Welver \u2013 Schwefe in der Gastst\u00e4tte Hillefeld statt und war recht gut besucht. Neben Gesch\u00e4ftsberichten und Entlastung des Vorstandes gab es auch einen Bericht durch unsere Vorsitzende Helena Barenbr\u00e4ucker von der Versammlung des KRV Soest mit interessanten Neuigkeiten.<\/p>\n<p style=\"font-weight: 400;\">Dann standen eine Reihe von Neuwahlen bzw- besetzungen an. Tanja Prause gab \u00a0leider aus pers\u00f6nlichen Gr\u00fcnden ihr langj\u00e4hriges Amt als Gesch\u00e4ftsf\u00fchrerin ab. Wir danken ihr hier noch einmal f\u00fcr ihre geleistete Arbeit im Vorstand, die wir sehr gesch\u00e4tzt haben. Helga Henke , die das Amt der zweiten Vorsitzenden zun\u00e4chst kommissarisch \u00fcbernommen hatte, wurde nun offiziell zur zweiten Vorsitzenden gew\u00e4hlt. Da sich aktuell kein Nachfolger f\u00fcr das Amt der Gesch\u00e4ftsf\u00fchrung fand, wurde dieses satzungskonform von der ersten Vorsitzenden mit \u00fcbernommen. \u00a0Alle unsere Beisitzerinnen Kerstin Brasse-Paulokat, Kirstin von Jentzkowski-Fischer, Iris Dax und Anja Vennewald wurden in ihren \u00c4mtern best\u00e4tigt. Martin Fischer wurde turnusgem\u00e4\u00df wieder zum Kassenpr\u00fcfer gew\u00e4hlt.<\/p>\n<p style=\"font-weight: 400;\">Die Internetseite wird jetzt von Dr. Kirstin von Jentzkowski- Fischer betreut, Facebook von Martin Fischer.<\/p>\n<p style=\"font-weight: 400;\">Im weiteren wurde beschlossen, da unser Verein aktuell eigene Turniere zur\u00fcckgestellt hat, andere befreundete Vereine in der Ausrichtung und Durchf\u00fchrung darin zu unterst\u00fctzen. Wir stiften f\u00fcr bestimmte Turniere und Pr\u00fcfungen Sonderehrenpreise, die einen Bezug zu unserem Namen haben sollten. Die monatlichen Kl\u00f6nabende sollen durch Quartalstreffen mit Thema und Vortr\u00e4gen, auch durch externe Referenten, ersetzt werden. Ggf fallen dann hier Kosten f\u00fcr den Referenten und\/ oder f\u00fcr geplante Verpflegung (z.B. Grillen) an. Da in unseren Reihen auch Mitglieder mit Trainerlizenz sind, m\u00f6chten wir \u00fcber diese auch Veranstaltungen\/ Lehrg\u00e4nge anbieten.<\/p>\n<p>Hier pr\u00e4sentiert sich der neue Vorstand:<\/p>\n<p>von links nach rechts: Anja, Kirstin, (Tanja ausgeschieden), Helga, Kerstin, Iris, Jessy und Helena<\/p>\n<p><img loading=\"lazy\" decoding=\"async\" class=\"aligncenter wp-image-655 size-large\" src=\"https:\/\/seniorenreiten-soesterboerde.de\/wp-content\/uploads\/2024\/03\/Vorstand-2024-e1714751261674-1024x439.jpg\" alt=\"\" width=\"1024\" height=\"439\" srcset=\"https:\/\/seniorenreiten-soesterboerde.de\/wp-content\/uploads\/2024\/03\/Vorstand-2024-e1714751261674-1024x439.jpg 1024w, https:\/\/seniorenreiten-soesterboerde.de\/wp-content\/uploads\/2024\/03\/Vorstand-2024-e1714751261674-300x129.jpg 300w, https:\/\/seniorenreiten-soesterboerde.de\/wp-content\/uploads\/2024\/03\/Vorstand-2024-e1714751261674-768x329.jpg 768w, https:\/\/seniorenreiten-soesterboerde.de\/wp-content\/uploads\/2024\/03\/Vorstand-2024-e1714751261674.jpg 1505w\" sizes=\"auto, (max-width: 1024px) 100vw, 1024px\" \/><\/p>\n","protected":false},"excerpt":{"rendered":"<p>Unsere diesj\u00e4hrige MGV fand wieder in Welver \u2013 Schwefe in der Gastst\u00e4tte Hillefeld statt und war recht gut besucht. Neben Gesch\u00e4ftsberichten und Entlastung des Vorstandes gab es auch einen Bericht durch unsere Vorsitzende Helena Barenbr\u00e4ucker von der Versammlung des KRV <span class=\"excerpt-dots\">&hellip;<\/span> <a class=\"more-link\" href=\"https:\/\/seniorenreiten-soesterboerde.de\/?page_id=696\"><span class=\"more-msg\">Weiterlesen &rarr;<\/span><\/a><\/p>\n","protected":false},"author":1,"featured_media":0,"parent":685,"menu_order":4,"comment_status":"closed","ping_status":"closed","template":"","meta":{"footnotes":""},"class_list":["post-696","page","type-page","status-publish","hentry"],"_links":{"self":[{"href":"https:\/\/seniorenreiten-soesterboerde.de\/index.php?rest_route=\/wp\/v2\/pages\/696","targetHints":{"allow":["GET"]}}],"collection":[{"href":"https:\/\/seniorenreiten-soesterboerde.de\/index.php?rest_route=\/wp\/v2\/pages"}],"about":[{"href":"https:\/\/seniorenreiten-soesterboerde.de\/index.php?rest_route=\/wp\/v2\/types\/page"}],"author":[{"embeddable":true,"href":"https:\/\/seniorenreiten-soesterboerde.de\/index.php?rest_route=\/wp\/v2\/users\/1"}],"replies":[{"embeddable":true,"href":"https:\/\/seniorenreiten-soesterboerde.de\/index.php?rest_route=%2Fwp%2Fv2%2Fcomments&post=696"}],"version-history":[{"count":4,"href":"https:\/\/seniorenreiten-soesterboerde.de\/index.php?rest_route=\/wp\/v2\/pages\/696\/revisions"}],"predecessor-version":[{"id":700,"href":"https:\/\/seniorenreiten-soesterboerde.de\/index.php?rest_route=\/wp\/v2\/pages\/696\/revisions\/700"}],"up":[{"embeddable":true,"href":"https:\/\/seniorenreiten-soesterboerde.de\/index.php?rest_route=\/wp\/v2\/pages\/685"}],"wp:attachment":[{"href":"https:\/\/seniorenreiten-soesterboerde.de\/index.php?rest_route=%2Fwp%2Fv2%2Fmedia&parent=696"}],"curies":[{"name":"wp","href":"https:\/\/api.w.org\/{rel}","templated":true}]}}