{"id":689,"date":"2024-05-03T17:14:34","date_gmt":"2024-05-03T15:14:34","guid":{"rendered":"https:\/\/seniorenreiten-soesterboerde.de\/?page_id=689"},"modified":"2024-10-26T19:24:24","modified_gmt":"2024-10-26T17:24:24","slug":"und-der-preis-geht-an","status":"publish","type":"page","link":"https:\/\/seniorenreiten-soesterboerde.de\/?page_id=689","title":{"rendered":"\u201e Und der Preis geht an\u2026\u201c"},"content":{"rendered":"<p>Nachdem sich unser Verein entschlossen hatte, zun\u00e4chst aus verschiedenen Gr\u00fcnden die Ausrichtung eigener Turniere zur\u00fcckzustellen, kam die Idee auf, bei ausgew\u00e4hlten Turnieren f\u00fcr bestimmte Pr\u00fcfungen Sonderehrenpreise zu vergeben. Nat\u00fcrlich sollten diese Pr\u00fcfung dann etwas mit dem Namen der &#8222;Seniorenreiter\u201c zu tun haben. So bleiben wir und der Name unseres Vereins in der Turnierszene weiter pr\u00e4sent, besonders wenn dies in der Ausschreibung schon erw\u00e4hnt werden kann.<\/p>\n<p>So konnte unsere zweite Vorsitzende Helga Henke beim Gel\u00e4ndetag des RV B\u00fcren am 24.03.2024 der \u00e4ltesten Teilnehmerin Kerstin Scharnhorst vom RV Hellefeld den Sonderehrenpreis \u00fcberreichen. Ein weiterer Preis wurde auch schon auf dem Fr\u00fchjahrs- WBO- Turnier des RV Ost\u00f6nnen am 16.03.2024 vergeben.<\/p>\n<p>Weitere Vergaben sind bei den Turnieren in Wenholthausen und noch einmal in B\u00fcren geplant.<img loading=\"lazy\" decoding=\"async\" class=\"alignnone wp-image-691 size-medium\" src=\"https:\/\/seniorenreiten-soesterboerde.de\/wp-content\/uploads\/2024\/05\/PHOTO-2024-03-24-20-14-15-e1714749259182-230x300.jpg\" alt=\"\" width=\"230\" height=\"300\" srcset=\"https:\/\/seniorenreiten-soesterboerde.de\/wp-content\/uploads\/2024\/05\/PHOTO-2024-03-24-20-14-15-e1714749259182-230x300.jpg 230w, https:\/\/seniorenreiten-soesterboerde.de\/wp-content\/uploads\/2024\/05\/PHOTO-2024-03-24-20-14-15-e1714749259182-784x1024.jpg 784w, https:\/\/seniorenreiten-soesterboerde.de\/wp-content\/uploads\/2024\/05\/PHOTO-2024-03-24-20-14-15-e1714749259182-768x1003.jpg 768w, https:\/\/seniorenreiten-soesterboerde.de\/wp-content\/uploads\/2024\/05\/PHOTO-2024-03-24-20-14-15-e1714749259182.jpg 957w\" sizes=\"auto, (max-width: 230px) 100vw, 230px\" \/>\u00a0<img loading=\"lazy\" decoding=\"async\" class=\"alignnone size-medium wp-image-692\" src=\"https:\/\/seniorenreiten-soesterboerde.de\/wp-content\/uploads\/2024\/05\/PHOTO-2024-03-24-20-14-15-1-e1714749126955-296x300.jpg\" alt=\"\" width=\"296\" height=\"300\" srcset=\"https:\/\/seniorenreiten-soesterboerde.de\/wp-content\/uploads\/2024\/05\/PHOTO-2024-03-24-20-14-15-1-e1714749126955-296x300.jpg 296w, https:\/\/seniorenreiten-soesterboerde.de\/wp-content\/uploads\/2024\/05\/PHOTO-2024-03-24-20-14-15-1-e1714749126955.jpg 477w\" sizes=\"auto, (max-width: 296px) 100vw, 296px\" \/><\/p>\n","protected":false},"excerpt":{"rendered":"<p>Nachdem sich unser Verein entschlossen hatte, zun\u00e4chst aus verschiedenen Gr\u00fcnden die Ausrichtung eigener Turniere zur\u00fcckzustellen, kam die Idee auf, bei ausgew\u00e4hlten Turnieren f\u00fcr bestimmte Pr\u00fcfungen Sonderehrenpreise zu vergeben. Nat\u00fcrlich sollten diese Pr\u00fcfung dann etwas mit dem Namen der &#8222;Seniorenreiter\u201c zu <span class=\"excerpt-dots\">&hellip;<\/span> <a class=\"more-link\" href=\"https:\/\/seniorenreiten-soesterboerde.de\/?page_id=689\"><span class=\"more-msg\">Weiterlesen &rarr;<\/span><\/a><\/p>\n","protected":false},"author":1,"featured_media":0,"parent":685,"menu_order":5,"comment_status":"closed","ping_status":"closed","template":"","meta":{"footnotes":""},"class_list":["post-689","page","type-page","status-publish","hentry"],"_links":{"self":[{"href":"https:\/\/seniorenreiten-soesterboerde.de\/index.php?rest_route=\/wp\/v2\/pages\/689","targetHints":{"allow":["GET"]}}],"collection":[{"href":"https:\/\/seniorenreiten-soesterboerde.de\/index.php?rest_route=\/wp\/v2\/pages"}],"about":[{"href":"https:\/\/seniorenreiten-soesterboerde.de\/index.php?rest_route=\/wp\/v2\/types\/page"}],"author":[{"embeddable":true,"href":"https:\/\/seniorenreiten-soesterboerde.de\/index.php?rest_route=\/wp\/v2\/users\/1"}],"replies":[{"embeddable":true,"href":"https:\/\/seniorenreiten-soesterboerde.de\/index.php?rest_route=%2Fwp%2Fv2%2Fcomments&post=689"}],"version-history":[{"count":4,"href":"https:\/\/seniorenreiten-soesterboerde.de\/index.php?rest_route=\/wp\/v2\/pages\/689\/revisions"}],"predecessor-version":[{"id":695,"href":"https:\/\/seniorenreiten-soesterboerde.de\/index.php?rest_route=\/wp\/v2\/pages\/689\/revisions\/695"}],"up":[{"embeddable":true,"href":"https:\/\/seniorenreiten-soesterboerde.de\/index.php?rest_route=\/wp\/v2\/pages\/685"}],"wp:attachment":[{"href":"https:\/\/seniorenreiten-soesterboerde.de\/index.php?rest_route=%2Fwp%2Fv2%2Fmedia&parent=689"}],"curies":[{"name":"wp","href":"https:\/\/api.w.org\/{rel}","templated":true}]}}