{"id":678,"date":"2024-05-02T22:08:20","date_gmt":"2024-05-02T20:08:20","guid":{"rendered":"https:\/\/seniorenreiten-soesterboerde.de\/?page_id=678"},"modified":"2025-06-08T15:46:14","modified_gmt":"2025-06-08T13:46:14","slug":"wer-wir-sind","status":"publish","type":"page","link":"https:\/\/seniorenreiten-soesterboerde.de\/?page_id=678","title":{"rendered":"Wer wir sind"},"content":{"rendered":"<div id=\"stacks_out_408_page1\" class=\"stacks_out stacks_m_hidden stacks_s_hidden\">\n<div id=\"stacks_in_408_page1\" class=\"stacks_in com_joeworkman_stacks_justifytext_stack\" style=\"text-align: left;\"><span id=\"stacks_in_409_page1\">Der Senioren RuFV Soester B\u00f6rde e.V. wurde im Jahre 1992 von 7 Reiterinnen und Reitern jenseits des 40. Lebensjahres gegr\u00fcndet, um reitsportliche Wettbewerbe unter Gleichgesinnten durchzuf\u00fchren. Im Vordergrund steht bei uns insbesondere der &#8222;Spa\u00df am Pferd&#8220; und das gesellige Beisammensein mit &#8222;Pferde infizierten&#8220; Menschen, <\/span><span id=\"stacks_in_409_page1\">unsere Mitglieder sind gr\u00f6\u00dftenteils Sp\u00e4t- und Wiedereinsteiger\/innen. <\/span><\/div>\n<div style=\"text-align: left;\"><\/div>\n<div class=\"stacks_in com_joeworkman_stacks_justifytext_stack\" style=\"text-align: left;\"><span id=\"stacks_in_409_page1\">Wir haben keine eigene Reitanlage. Wir kooperieren zum Beispiel mit dem RV Ost\u00f6nnen und der RG Eichengrund\/ Welver.<\/span><\/div>\n<\/div>\n<div id=\"stacks_out_410_page1\" class=\"stacks_out stacks_m_hidden stacks_s_hidden\" style=\"text-align: left;\">\n<div style=\"text-align: left;\"><\/div>\n<div id=\"stacks_in_410_page1\" class=\"stacks_in com_joeworkman_stacks_justifytext_stack\" style=\"text-align: left;\">Seit 1992 veranstaltete der Senioren RuFV Soester B\u00f6rde e.V. zwei Turniere pro Jahr, diese wurden vorwiegend auf der Anlage des Reitverein Soest-Ost\u00f6nnen ausgetragen.<\/div>\n<div class=\"stacks_in com_joeworkman_stacks_justifytext_stack\" style=\"text-align: left;\">Ab 2020 war uns organisatorisch nur noch ein Turnier pro Jahr m\u00f6glich.<\/div>\n<div style=\"text-align: left;\"><\/div>\n<div class=\"stacks_in com_joeworkman_stacks_justifytext_stack\" style=\"text-align: center;\">\n<p style=\"text-align: left;\">Von 1993 bis 2022 haben wir Springwettbewerbe im E-Bereich angeboten f\u00fcr Reiter\/innen ab dem 30. Lebensjahr im Rahmen unserer <em>VELTINS OLDIE-CUP<\/em> Serien.<\/p>\n<p style=\"text-align: left;\">Von 1996 bis 2022 organisierten wir Dressurwettbewerbe im E-Bereich f\u00fcr Reiter\/innen ab dem 35. Lebensjahr im Rahmen unserer <em>LVM DRESSUR-CUP<\/em> Serien.<\/p>\n<p style=\"text-align: left;\">2023 war das Jahr der Neuaufstellung unseres Vereins und der Neuausrichtung mit dem gemeinsamen Entschluss zum Verzicht auf Turnierausrichtungen. Der Schwerpunkt liegt jetzt auf Aus- und Fortbildung durch Vereinsmitglieder sowie durch externe Ausbilder genauso wie auf gemeinschaftlichen Veranstaltungen.<\/p>\n<\/div>\n<p>Wenn wir Dein Interesse wecken konnten und Du bei uns mitmachen m\u00f6chtest, melde Dich gerne bei uns. Anmeldeformulare findest Du hier auf der Internetseite.<\/p>\n<\/div>\n<div id=\"stacks_out_423_page1\" class=\"stacks_out stacks_m_hidden stacks_s_hidden\">\n<div id=\"stacks_in_423_page1\" class=\"stacks_in com_joeworkman_stacks_justifytext_stack\" style=\"text-align: left;\"><span id=\"stacks_in_424_page1\">\u00a0<\/span><\/div>\n<\/div>\n","protected":false},"excerpt":{"rendered":"<p>Der Senioren RuFV Soester B\u00f6rde e.V. wurde im Jahre 1992 von 7 Reiterinnen und Reitern jenseits des 40. Lebensjahres gegr\u00fcndet, um reitsportliche Wettbewerbe unter Gleichgesinnten durchzuf\u00fchren. Im Vordergrund steht bei uns insbesondere der &#8222;Spa\u00df am Pferd&#8220; und das gesellige Beisammensein <span class=\"excerpt-dots\">&hellip;<\/span> <a class=\"more-link\" href=\"https:\/\/seniorenreiten-soesterboerde.de\/?page_id=678\"><span class=\"more-msg\">Weiterlesen &rarr;<\/span><\/a><\/p>\n","protected":false},"author":1,"featured_media":0,"parent":0,"menu_order":0,"comment_status":"closed","ping_status":"closed","template":"","meta":{"footnotes":""},"class_list":["post-678","page","type-page","status-publish","hentry"],"_links":{"self":[{"href":"https:\/\/seniorenreiten-soesterboerde.de\/index.php?rest_route=\/wp\/v2\/pages\/678","targetHints":{"allow":["GET"]}}],"collection":[{"href":"https:\/\/seniorenreiten-soesterboerde.de\/index.php?rest_route=\/wp\/v2\/pages"}],"about":[{"href":"https:\/\/seniorenreiten-soesterboerde.de\/index.php?rest_route=\/wp\/v2\/types\/page"}],"author":[{"embeddable":true,"href":"https:\/\/seniorenreiten-soesterboerde.de\/index.php?rest_route=\/wp\/v2\/users\/1"}],"replies":[{"embeddable":true,"href":"https:\/\/seniorenreiten-soesterboerde.de\/index.php?rest_route=%2Fwp%2Fv2%2Fcomments&post=678"}],"version-history":[{"count":8,"href":"https:\/\/seniorenreiten-soesterboerde.de\/index.php?rest_route=\/wp\/v2\/pages\/678\/revisions"}],"predecessor-version":[{"id":766,"href":"https:\/\/seniorenreiten-soesterboerde.de\/index.php?rest_route=\/wp\/v2\/pages\/678\/revisions\/766"}],"wp:attachment":[{"href":"https:\/\/seniorenreiten-soesterboerde.de\/index.php?rest_route=%2Fwp%2Fv2%2Fmedia&parent=678"}],"curies":[{"name":"wp","href":"https:\/\/api.w.org\/{rel}","templated":true}]}}