{"id":66,"date":"2020-04-24T17:20:58","date_gmt":"2020-04-24T17:20:58","guid":{"rendered":"http:\/\/seniorenreiten-soesterboerde.de\/?page_id=66"},"modified":"2024-05-02T22:36:22","modified_gmt":"2024-05-02T20:36:22","slug":"formales","status":"publish","type":"page","link":"https:\/\/seniorenreiten-soesterboerde.de\/?page_id=66","title":{"rendered":"Formales"},"content":{"rendered":"<ul>\n<li><a href=\"https:\/\/seniorenreiten-soesterboerde.de\/wp-content\/uploads\/2020\/04\/Aufnahmeantrag2018.pdf\" target=\"_blank\" rel=\"noopener noreferrer\">Aufnahmeantrag<\/a><\/li>\n<li><a href=\"https:\/\/seniorenreiten-soesterboerde.de\/wp-content\/uploads\/2020\/04\/Satzung2016.pdf\" target=\"_blank\" rel=\"noopener noreferrer\">Satzung<\/a><\/li>\n<\/ul>\n<p>&nbsp;<\/p>\n<p>Zur Information f\u00fcr alle Beitritts-Interessierten:<\/p>\n<p>Unser Jahresbeitrag betr\u00e4gt derzeit EUR 35,00 .<\/p>\n<p>Wir verlangen keine verpflichtenden Arbeitseins\u00e4tze, freuen uns aber \u00fcber jedwede Unterst\u00fctzung.<\/p>\n<p>Wir haben keine eigene Reitanlage. Wir kooperieren zum Beispiel mit dem RV Ost\u00f6nnen und der RG Eichengrund\/ Welver.<\/p>\n","protected":false},"excerpt":{"rendered":"<p>Aufnahmeantrag Satzung &nbsp; Zur Information f\u00fcr alle Beitritts-Interessierten: Unser Jahresbeitrag betr\u00e4gt derzeit EUR 35,00 . Wir verlangen keine verpflichtenden Arbeitseins\u00e4tze, freuen uns aber \u00fcber jedwede Unterst\u00fctzung. Wir haben keine eigene Reitanlage. Wir kooperieren zum Beispiel mit dem RV Ost\u00f6nnen und <span class=\"excerpt-dots\">&hellip;<\/span> <a class=\"more-link\" href=\"https:\/\/seniorenreiten-soesterboerde.de\/?page_id=66\"><span class=\"more-msg\">Weiterlesen &rarr;<\/span><\/a><\/p>\n","protected":false},"author":1,"featured_media":0,"parent":18,"menu_order":2,"comment_status":"closed","ping_status":"closed","template":"","meta":{"footnotes":""},"class_list":["post-66","page","type-page","status-publish","hentry"],"_links":{"self":[{"href":"https:\/\/seniorenreiten-soesterboerde.de\/index.php?rest_route=\/wp\/v2\/pages\/66","targetHints":{"allow":["GET"]}}],"collection":[{"href":"https:\/\/seniorenreiten-soesterboerde.de\/index.php?rest_route=\/wp\/v2\/pages"}],"about":[{"href":"https:\/\/seniorenreiten-soesterboerde.de\/index.php?rest_route=\/wp\/v2\/types\/page"}],"author":[{"embeddable":true,"href":"https:\/\/seniorenreiten-soesterboerde.de\/index.php?rest_route=\/wp\/v2\/users\/1"}],"replies":[{"embeddable":true,"href":"https:\/\/seniorenreiten-soesterboerde.de\/index.php?rest_route=%2Fwp%2Fv2%2Fcomments&post=66"}],"version-history":[{"count":14,"href":"https:\/\/seniorenreiten-soesterboerde.de\/index.php?rest_route=\/wp\/v2\/pages\/66\/revisions"}],"predecessor-version":[{"id":684,"href":"https:\/\/seniorenreiten-soesterboerde.de\/index.php?rest_route=\/wp\/v2\/pages\/66\/revisions\/684"}],"up":[{"embeddable":true,"href":"https:\/\/seniorenreiten-soesterboerde.de\/index.php?rest_route=\/wp\/v2\/pages\/18"}],"wp:attachment":[{"href":"https:\/\/seniorenreiten-soesterboerde.de\/index.php?rest_route=%2Fwp%2Fv2%2Fmedia&parent=66"}],"curies":[{"name":"wp","href":"https:\/\/api.w.org\/{rel}","templated":true}]}}