{"id":64,"date":"2020-04-24T17:20:26","date_gmt":"2020-04-24T17:20:26","guid":{"rendered":"http:\/\/seniorenreiten-soesterboerde.de\/?page_id=64"},"modified":"2025-04-23T16:11:24","modified_gmt":"2025-04-23T14:11:24","slug":"vorstand","status":"publish","type":"page","link":"https:\/\/seniorenreiten-soesterboerde.de\/?page_id=64","title":{"rendered":"Vorstand"},"content":{"rendered":"<p>&nbsp;<\/p>\n<div id=\"stacks_out_907_page9\" class=\"stacks_out\">\n<div id=\"stacks_in_907_page9\" class=\"stacks_in com_joeworkman_stacks_justifytext_stack\" style=\"text-align: center;\"><em><strong><span id=\"stacks_in_908_page9\">Gesch\u00e4ftsf\u00fchrerin:<\/span><\/strong><\/em><\/div>\n<div class=\"stacks_in com_joeworkman_stacks_justifytext_stack\" style=\"text-align: center;\">\n<div style=\"text-align: center;\">Dr. Kirstin von Jentzkowski-Fischer<\/div>\n<div style=\"text-align: center;\">K\u00f6nigstr. 24<\/div>\n<div style=\"text-align: center;\">59192 Bergkamen<\/div>\n<div style=\"text-align: center;\">0176 30472318<\/div>\n<div>\n<hr \/>\n<\/div>\n<\/div>\n<div class=\"stacks_in com_joeworkman_stacks_justifytext_stack\" style=\"text-align: center;\"><em><strong><span id=\"stacks_in_908_page9\">1. Vorsitzende:<\/span><\/strong><\/em><\/div>\n<\/div>\n<div id=\"stacks_out_426_page9\" class=\"stacks_out\" style=\"text-align: center;\">\n<div id=\"stacks_in_426_page9\" class=\"stacks_in com_joeworkman_stacks_justifytext_stack\"><span id=\"stacks_in_427_page9\">Helena Barenbr\u00e4ucker<br \/>\nEssener Weg 35<br \/>\n59439 Holzwickede<br \/>\n<a href=\"tel:\/\/02301\/3274\" target=\"_blank\" rel=\"noopener noreferrer\">Tel: <\/a>0151 42821268<br \/>\n<a title=\"info@seniorenreiten-soesterboerde.de\" href=\"mailto:info@seniorenreiten-soesterboerde.de\" rel=\"self\">info@seniorenreiten-soesterboerde.de<\/a><\/span><\/div>\n<\/div>\n<div id=\"stacks_out_428_page9\" class=\"stacks_out\" style=\"text-align: center;\">\n<div id=\"stacks_in_428_page9\" class=\"stacks_in com_joeworkman_stacks_lines_stack\">\n<hr class=\"inset\" \/>\n<\/div>\n<\/div>\n<div id=\"stacks_out_915_page9\" class=\"stacks_out\" style=\"text-align: center;\">\n<div id=\"stacks_in_915_page9\" class=\"stacks_in com_joeworkman_stacks_justifytext_stack\"><em><strong><span id=\"stacks_in_916_page9\">2. Vorsitzende:<\/span><\/strong><\/em><\/div>\n<\/div>\n<div id=\"stacks_out_429_page9\" class=\"stacks_out\" style=\"text-align: center;\">\n<div id=\"stacks_in_429_page9\" class=\"stacks_in com_joeworkman_stacks_justifytext_stack\"><span id=\"stacks_in_430_page9\">Helga Henke<br \/>\nGrimminghausen 11<br \/>\n57392 Schmallenberg<br \/>\n<a href=\"tel:\/\/015120240863\" target=\"_blank\" rel=\"noopener noreferrer\">Tel: <\/a>0160 5103545<br \/>\n<a title=\"2vors@senruf-soesterboerde.de\" href=\"mailto:2vors@senruf-soesterboerde.de\" rel=\"self\">2vors@senruf-soesterboerde.de<\/a><\/span><\/div>\n<\/div>\n<div id=\"stacks_out_434_page9\" class=\"stacks_out\" style=\"text-align: center;\">\n<div id=\"stacks_in_434_page9\" class=\"stacks_in com_joeworkman_stacks_lines_stack\">\n<hr class=\"inset\" \/>\n<\/div>\n<\/div>\n<div id=\"stacks_out_931_page9\" class=\"stacks_out\" style=\"text-align: center;\">\n<div id=\"stacks_in_931_page9\" class=\"stacks_in com_joeworkman_stacks_justifytext_stack\"><em><strong><span id=\"stacks_in_932_page9\">Kassiererin:<\/span><\/strong><\/em><\/div>\n<\/div>\n<div id=\"stacks_out_435_page9\" class=\"stacks_out\">\n<div id=\"stacks_in_435_page9\" class=\"stacks_in com_joeworkman_stacks_justifytext_stack\" style=\"text-align: center;\"><span id=\"stacks_in_436_page9\">Jessica Blum<br \/>\nSchmiedestr. 34<br \/>\n58300 Wetter\/Ruhr<br \/>\nTel.: 0170 5507124<br \/>\n<a title=\"kasse@senruf-soesterboerde.de\" href=\"mailto:kasse@senruf-soesterboerde.de\" rel=\"self\">kasse@senruf-soesterboerde.de<\/a><\/span><\/div>\n<div>\n<div id=\"stacks_out_434_page9\" class=\"stacks_out\">\n<div id=\"stacks_in_434_page9\" class=\"stacks_in com_joeworkman_stacks_lines_stack\">\n<hr class=\"inset\" \/>\n<\/div>\n<\/div>\n<div id=\"stacks_out_931_page9\" class=\"stacks_out\">\n<div style=\"text-align: center;\"><em><strong>Beisitzerinnen:<\/strong><\/em><\/div>\n<div style=\"text-align: center;\">Kerstin Brasse-Paulokat<\/div>\n<div style=\"text-align: center;\">Am Kreuzpfad 12<\/div>\n<div style=\"text-align: center;\">59494 Soest<\/div>\n<div style=\"text-align: center;\">Tel.: 0171 4321640<\/div>\n<div>\n<hr \/>\n<\/div>\n<div style=\"text-align: center;\">Anja Vennewald<\/div>\n<\/div>\n<\/div>\n<\/div>\n<div style=\"text-align: center;\">Westrickweg 23<\/div>\n<div style=\"text-align: center;\">59302 Oelde<\/div>\n<div style=\"text-align: center;\">0174 2526165<\/div>\n<div>\n<hr \/>\n<\/div>\n<div style=\"text-align: center;\">Tanja Bohnes- Prause<br \/>\nAlte Heerstrasse 16<br \/>\n59494 Soest- Ost\u00f6nnen<\/div>\n<div>\n<hr \/>\n<\/div>\n<div><\/div>\n<div id=\"stacks_out_435_page9\" class=\"stacks_out\">\n<div>\n<div id=\"stacks_out_931_page9\" class=\"stacks_out\">\n<div id=\"stacks_in_931_page9\" class=\"stacks_in com_joeworkman_stacks_justifytext_stack\" style=\"text-align: center;\"><em><strong><span id=\"stacks_in_932_page9\">Web Admin:<\/span><\/strong><\/em><\/div>\n<\/div>\n<div id=\"stacks_out_435_page9\" class=\"stacks_out\">\n<div id=\"stacks_in_435_page9\" class=\"stacks_in com_joeworkman_stacks_justifytext_stack\" style=\"text-align: center;\"><span id=\"stacks_in_436_page9\"><a title=\"kasse@senruf-soesterboerde.de\" href=\"mailto:webadmin@senruf-soesterboerde.de\" rel=\"self\">webadmin@senruf-soesterboerde.de<\/a><\/span><\/div>\n<\/div>\n<\/div>\n<\/div>\n<div style=\"text-align: center;\"><\/div>\n<div style=\"text-align: center;\">\n<div id=\"attachment_655\" style=\"width: 1034px\" class=\"wp-caption aligncenter\"><img loading=\"lazy\" decoding=\"async\" aria-describedby=\"caption-attachment-655\" class=\"wp-image-655 size-large\" src=\"https:\/\/seniorenreiten-soesterboerde.de\/wp-content\/uploads\/2024\/03\/Vorstand-2024-e1714751261674-1024x439.jpg\" alt=\"\" width=\"1024\" height=\"439\" srcset=\"https:\/\/seniorenreiten-soesterboerde.de\/wp-content\/uploads\/2024\/03\/Vorstand-2024-e1714751261674-1024x439.jpg 1024w, https:\/\/seniorenreiten-soesterboerde.de\/wp-content\/uploads\/2024\/03\/Vorstand-2024-e1714751261674-300x129.jpg 300w, https:\/\/seniorenreiten-soesterboerde.de\/wp-content\/uploads\/2024\/03\/Vorstand-2024-e1714751261674-768x329.jpg 768w, https:\/\/seniorenreiten-soesterboerde.de\/wp-content\/uploads\/2024\/03\/Vorstand-2024-e1714751261674.jpg 1505w\" sizes=\"auto, (max-width: 1024px) 100vw, 1024px\" \/><p id=\"caption-attachment-655\" class=\"wp-caption-text\">von links nach rechts:<br \/>Kirstin, Anja, Helga, (Tanja ausgeschieden), Kerstin, Iris,Jessy, Helena<\/p><\/div>\n<\/div>\n<p>&nbsp;<\/p>\n","protected":false},"excerpt":{"rendered":"<p>&nbsp; Gesch\u00e4ftsf\u00fchrerin: Dr. Kirstin von Jentzkowski-Fischer K\u00f6nigstr. 24 59192 Bergkamen 0176 30472318 1. Vorsitzende: Helena Barenbr\u00e4ucker Essener Weg 35 59439 Holzwickede Tel: 0151 42821268 info@seniorenreiten-soesterboerde.de 2. Vorsitzende: Helga Henke Grimminghausen 11 57392 Schmallenberg Tel: 0160 5103545 2vors@senruf-soesterboerde.de Kassiererin: Jessica Blum <span class=\"excerpt-dots\">&hellip;<\/span> <a class=\"more-link\" href=\"https:\/\/seniorenreiten-soesterboerde.de\/?page_id=64\"><span class=\"more-msg\">Weiterlesen &rarr;<\/span><\/a><\/p>\n","protected":false},"author":1,"featured_media":0,"parent":18,"menu_order":1,"comment_status":"closed","ping_status":"closed","template":"","meta":{"footnotes":""},"class_list":["post-64","page","type-page","status-publish","hentry"],"_links":{"self":[{"href":"https:\/\/seniorenreiten-soesterboerde.de\/index.php?rest_route=\/wp\/v2\/pages\/64","targetHints":{"allow":["GET"]}}],"collection":[{"href":"https:\/\/seniorenreiten-soesterboerde.de\/index.php?rest_route=\/wp\/v2\/pages"}],"about":[{"href":"https:\/\/seniorenreiten-soesterboerde.de\/index.php?rest_route=\/wp\/v2\/types\/page"}],"author":[{"embeddable":true,"href":"https:\/\/seniorenreiten-soesterboerde.de\/index.php?rest_route=\/wp\/v2\/users\/1"}],"replies":[{"embeddable":true,"href":"https:\/\/seniorenreiten-soesterboerde.de\/index.php?rest_route=%2Fwp%2Fv2%2Fcomments&post=64"}],"version-history":[{"count":20,"href":"https:\/\/seniorenreiten-soesterboerde.de\/index.php?rest_route=\/wp\/v2\/pages\/64\/revisions"}],"predecessor-version":[{"id":793,"href":"https:\/\/seniorenreiten-soesterboerde.de\/index.php?rest_route=\/wp\/v2\/pages\/64\/revisions\/793"}],"up":[{"embeddable":true,"href":"https:\/\/seniorenreiten-soesterboerde.de\/index.php?rest_route=\/wp\/v2\/pages\/18"}],"wp:attachment":[{"href":"https:\/\/seniorenreiten-soesterboerde.de\/index.php?rest_route=%2Fwp%2Fv2%2Fmedia&parent=64"}],"curies":[{"name":"wp","href":"https:\/\/api.w.org\/{rel}","templated":true}]}}